{"id":1051,"date":"2020-10-28T17:07:13","date_gmt":"2020-10-28T17:07:13","guid":{"rendered":"https:\/\/cupworld.at\/new\/?post_type=product&#038;p=1051"},"modified":"2024-12-10T07:40:34","modified_gmt":"2024-12-10T07:40:34","slug":"bierglas-500ml","status":"publish","type":"product","link":"https:\/\/cupworld.at\/en\/produkt\/bierglas-500ml\/","title":{"rendered":"CUP Weizen-Bier 0,5"},"content":{"rendered":"<p>Unser Mehrweg-Bierglas 0,5 Liter aus Styrol Acrylnitril (SAN) eignet sich aufgrund seiner hohen, schlanken Form besonders gut f\u00fcr Weizenbier. Da die Kohlens\u00e4ureperlen so einen eher weiten Weg zur\u00fccklegen m\u00fcssen, bleibt das Bier lange frisch. Die Form des Bierglases sorgt au\u00dferdem f\u00fcr eine sch\u00f6ne Schaumkrone und da sich am Kunststoffglas au\u00dfen kein Kondenswasser bildet, h\u00e4lt sie bis zu dreimal l\u00e4nger als in einem &#8220;echten&#8221; Bierglas.<\/p>\n<p>Das Mehrweg-Bierglas 0,5 Liter ist zudem bruchfest, kratzunempfindlich, sp\u00fclmaschinenfest, standfest und liegt gut in der Hand. Dank des geringeren Gewichts ist es im wahrsten Sinne des Wortes leichter zu servieren und da es keine Scherben geben kann, macht es jede Veranstaltung sicher.<\/p>\n","protected":false},"excerpt":{"rendered":"<p>Bierglas 0,5 l aus bruchsicherem SAN in eleganter Form, besonders f\u00fcr Weizenbier geeignet.<\/p>\n","protected":false},"featured_media":1083,"template":"","meta":[],"product_cat":[68],"product_tag":[],"yoast_head":"<!-- This site is optimized with the Yoast SEO plugin v23.1 - https:\/\/yoast.com\/wordpress\/plugins\/seo\/ -->\n<title>Bierglas 0,5 l aus SAN: bruchsicher, standfest, liegt gut in der Hand<\/title>\n<meta name=\"description\" content=\"Sicher auf jeder Veranstaltung: Mehrweg-Bierglas 0,5 l aus SAN \u2022 bruchsicher \u2022 standfest \u2022 kratzfest \u2022 sp\u00fclmaschinenfest \u2022 jetzt online kaufen\" \/>\n<meta name=\"robots\" content=\"index, follow, max-snippet:-1, max-image-preview:large, max-video-preview:-1\" \/>\n<link rel=\"canonical\" href=\"https:\/\/cupworld.at\/produkt\/bierglas-500ml\/\" \/>\n<meta property=\"og:locale\" content=\"en_US\" \/>\n<meta property=\"og:type\" content=\"article\" \/>\n<meta property=\"og:title\" content=\"Bierglas 0,5 l aus SAN: bruchsicher, standfest, liegt gut in der Hand\" \/>\n<meta property=\"og:description\" content=\"Sicher auf jeder Veranstaltung: Mehrweg-Bierglas 0,5 l aus SAN \u2022 bruchsicher \u2022 standfest \u2022 kratzfest \u2022 sp\u00fclmaschinenfest \u2022 jetzt online kaufen\" \/>\n<meta property=\"og:url\" content=\"https:\/\/cupworld.at\/produkt\/bierglas-500ml\/\" \/>\n<meta property=\"og:site_name\" content=\"CupWorld\" \/>\n<meta property=\"article:modified_time\" content=\"2024-12-10T07:40:34+00:00\" \/>\n<meta property=\"og:image\" content=\"https:\/\/cupworld.at\/wp-content\/uploads\/2020\/10\/CUP-Bier-500_ml.jpg\" \/>\n\t<meta property=\"og:image:width\" content=\"1000\" \/>\n\t<meta property=\"og:image:height\" content=\"1000\" \/>\n\t<meta property=\"og:image:type\" content=\"image\/jpeg\" \/>\n<meta name=\"twitter:card\" content=\"summary_large_image\" \/>\n<meta name=\"twitter:label1\" content=\"Est. reading time\" \/>\n\t<meta name=\"twitter:data1\" content=\"1 minute\" \/>\n<script type=\"application\/ld+json\" class=\"yoast-schema-graph\">{\"@context\":\"https:\/\/schema.org\",\"@graph\":[{\"@type\":\"WebPage\",\"@id\":\"https:\/\/cupworld.at\/produkt\/bierglas-500ml\/\",\"url\":\"https:\/\/cupworld.at\/produkt\/bierglas-500ml\/\",\"name\":\"Bierglas 0,5 l aus SAN: bruchsicher, standfest, liegt gut in der Hand\",\"isPartOf\":{\"@id\":\"https:\/\/cupworld.at\/#website\"},\"primaryImageOfPage\":{\"@id\":\"https:\/\/cupworld.at\/produkt\/bierglas-500ml\/#primaryimage\"},\"image\":{\"@id\":\"https:\/\/cupworld.at\/produkt\/bierglas-500ml\/#primaryimage\"},\"thumbnailUrl\":\"https:\/\/cupworld.at\/wp-content\/uploads\/2020\/10\/CUP-Bier-500_ml.jpg\",\"datePublished\":\"2020-10-28T17:07:13+00:00\",\"dateModified\":\"2024-12-10T07:40:34+00:00\",\"description\":\"Sicher auf jeder Veranstaltung: Mehrweg-Bierglas 0,5 l aus SAN \u2022 bruchsicher \u2022 standfest \u2022 kratzfest \u2022 sp\u00fclmaschinenfest \u2022 jetzt online kaufen\",\"breadcrumb\":{\"@id\":\"https:\/\/cupworld.at\/produkt\/bierglas-500ml\/#breadcrumb\"},\"inLanguage\":\"en-US\",\"potentialAction\":[{\"@type\":\"ReadAction\",\"target\":[\"https:\/\/cupworld.at\/produkt\/bierglas-500ml\/\"]}]},{\"@type\":\"ImageObject\",\"inLanguage\":\"en-US\",\"@id\":\"https:\/\/cupworld.at\/produkt\/bierglas-500ml\/#primaryimage\",\"url\":\"https:\/\/cupworld.at\/wp-content\/uploads\/2020\/10\/CUP-Bier-500_ml.jpg\",\"contentUrl\":\"https:\/\/cupworld.at\/wp-content\/uploads\/2020\/10\/CUP-Bier-500_ml.jpg\",\"width\":1000,\"height\":1000,\"caption\":\"Mehrwegbecher f\u00fcr Bier 500 ml aus Styrol Acrylnitril\"},{\"@type\":\"BreadcrumbList\",\"@id\":\"https:\/\/cupworld.at\/produkt\/bierglas-500ml\/#breadcrumb\",\"itemListElement\":[{\"@type\":\"ListItem\",\"position\":1,\"name\":\"Startseite\",\"item\":\"https:\/\/cupworld.at\/en\/\"},{\"@type\":\"ListItem\",\"position\":2,\"name\":\"Mehrwegbecher kaufen\",\"item\":\"https:\/\/cupworld.at\/mehrwegbecher-kaufen\/\"},{\"@type\":\"ListItem\",\"position\":3,\"name\":\"CUP Weizen-Bier 0,5\"}]},{\"@type\":\"WebSite\",\"@id\":\"https:\/\/cupworld.at\/#website\",\"url\":\"https:\/\/cupworld.at\/\",\"name\":\"CupWorld\",\"description\":\"\",\"potentialAction\":[{\"@type\":\"SearchAction\",\"target\":{\"@type\":\"EntryPoint\",\"urlTemplate\":\"https:\/\/cupworld.at\/?s={search_term_string}\"},\"query-input\":\"required name=search_term_string\"}],\"inLanguage\":\"en-US\"}]}<\/script>\n<!-- \/ Yoast SEO plugin. -->","yoast_head_json":{"title":"Bierglas 0,5 l aus SAN: bruchsicher, standfest, liegt gut in der Hand","description":"Sicher auf jeder Veranstaltung: Mehrweg-Bierglas 0,5 l aus SAN \u2022 bruchsicher \u2022 standfest \u2022 kratzfest \u2022 sp\u00fclmaschinenfest \u2022 jetzt online kaufen","robots":{"index":"index","follow":"follow","max-snippet":"max-snippet:-1","max-image-preview":"max-image-preview:large","max-video-preview":"max-video-preview:-1"},"canonical":"https:\/\/cupworld.at\/produkt\/bierglas-500ml\/","og_locale":"en_US","og_type":"article","og_title":"Bierglas 0,5 l aus SAN: bruchsicher, standfest, liegt gut in der Hand","og_description":"Sicher auf jeder Veranstaltung: Mehrweg-Bierglas 0,5 l aus SAN \u2022 bruchsicher \u2022 standfest \u2022 kratzfest \u2022 sp\u00fclmaschinenfest \u2022 jetzt online kaufen","og_url":"https:\/\/cupworld.at\/produkt\/bierglas-500ml\/","og_site_name":"CupWorld","article_modified_time":"2024-12-10T07:40:34+00:00","og_image":[{"width":1000,"height":1000,"url":"https:\/\/cupworld.at\/wp-content\/uploads\/2020\/10\/CUP-Bier-500_ml.jpg","type":"image\/jpeg"}],"twitter_card":"summary_large_image","twitter_misc":{"Est. reading time":"1 minute"},"schema":{"@context":"https:\/\/schema.org","@graph":[{"@type":"WebPage","@id":"https:\/\/cupworld.at\/produkt\/bierglas-500ml\/","url":"https:\/\/cupworld.at\/produkt\/bierglas-500ml\/","name":"Bierglas 0,5 l aus SAN: bruchsicher, standfest, liegt gut in der Hand","isPartOf":{"@id":"https:\/\/cupworld.at\/#website"},"primaryImageOfPage":{"@id":"https:\/\/cupworld.at\/produkt\/bierglas-500ml\/#primaryimage"},"image":{"@id":"https:\/\/cupworld.at\/produkt\/bierglas-500ml\/#primaryimage"},"thumbnailUrl":"https:\/\/cupworld.at\/wp-content\/uploads\/2020\/10\/CUP-Bier-500_ml.jpg","datePublished":"2020-10-28T17:07:13+00:00","dateModified":"2024-12-10T07:40:34+00:00","description":"Sicher auf jeder Veranstaltung: Mehrweg-Bierglas 0,5 l aus SAN \u2022 bruchsicher \u2022 standfest \u2022 kratzfest \u2022 sp\u00fclmaschinenfest \u2022 jetzt online kaufen","breadcrumb":{"@id":"https:\/\/cupworld.at\/produkt\/bierglas-500ml\/#breadcrumb"},"inLanguage":"en-US","potentialAction":[{"@type":"ReadAction","target":["https:\/\/cupworld.at\/produkt\/bierglas-500ml\/"]}]},{"@type":"ImageObject","inLanguage":"en-US","@id":"https:\/\/cupworld.at\/produkt\/bierglas-500ml\/#primaryimage","url":"https:\/\/cupworld.at\/wp-content\/uploads\/2020\/10\/CUP-Bier-500_ml.jpg","contentUrl":"https:\/\/cupworld.at\/wp-content\/uploads\/2020\/10\/CUP-Bier-500_ml.jpg","width":1000,"height":1000,"caption":"Mehrwegbecher f\u00fcr Bier 500 ml aus Styrol Acrylnitril"},{"@type":"BreadcrumbList","@id":"https:\/\/cupworld.at\/produkt\/bierglas-500ml\/#breadcrumb","itemListElement":[{"@type":"ListItem","position":1,"name":"Startseite","item":"https:\/\/cupworld.at\/en\/"},{"@type":"ListItem","position":2,"name":"Mehrwegbecher kaufen","item":"https:\/\/cupworld.at\/mehrwegbecher-kaufen\/"},{"@type":"ListItem","position":3,"name":"CUP Weizen-Bier 0,5"}]},{"@type":"WebSite","@id":"https:\/\/cupworld.at\/#website","url":"https:\/\/cupworld.at\/","name":"CupWorld","description":"","potentialAction":[{"@type":"SearchAction","target":{"@type":"EntryPoint","urlTemplate":"https:\/\/cupworld.at\/?s={search_term_string}"},"query-input":"required name=search_term_string"}],"inLanguage":"en-US"}]}},"tiered_pricing_type":"fixed","tiered_pricing_fixed_rules":{"61":"5.37","120":"5.26","240":"5.15"},"_links":{"self":[{"href":"https:\/\/cupworld.at\/en\/wp-json\/wp\/v2\/product\/1051"}],"collection":[{"href":"https:\/\/cupworld.at\/en\/wp-json\/wp\/v2\/product"}],"about":[{"href":"https:\/\/cupworld.at\/en\/wp-json\/wp\/v2\/types\/product"}],"wp:featuredmedia":[{"embeddable":true,"href":"https:\/\/cupworld.at\/en\/wp-json\/wp\/v2\/media\/1083"}],"wp:attachment":[{"href":"https:\/\/cupworld.at\/en\/wp-json\/wp\/v2\/media?parent=1051"}],"wp:term":[{"taxonomy":"product_cat","embeddable":true,"href":"https:\/\/cupworld.at\/en\/wp-json\/wp\/v2\/product_cat?post=1051"},{"taxonomy":"product_tag","embeddable":true,"href":"https:\/\/cupworld.at\/en\/wp-json\/wp\/v2\/product_tag?post=1051"}],"curies":[{"name":"wp","href":"https:\/\/api.w.org\/{rel}","templated":true}]}}