{"id":1066,"date":"2020-10-28T18:13:42","date_gmt":"2020-10-28T18:13:42","guid":{"rendered":"https:\/\/cupworld.at\/new\/?post_type=product&#038;p=1066"},"modified":"2024-12-10T07:33:50","modified_gmt":"2024-12-10T07:33:50","slug":"weizen-300ml","status":"publish","type":"product","link":"https:\/\/cupworld.at\/en\/produkt\/weizen-300ml\/","title":{"rendered":"CUP Weizen 0,3"},"content":{"rendered":"<p>Unser glasklares Mehrweg-Weizen-Bierglas 0,3 Liter (Fassungsverm\u00f6gen 340 ml) ist zu 100 Prozent bruchsicher, bedruckbar und f\u00fcr Industriesp\u00fclmaschinen geeignet \u2013 die Lebensdauer betr\u00e4gt in etwa 2.000 Sp\u00fclg\u00e4nge. Das CUP Weizen 0,3 ist zudem resistent gegen Kratzer, geruchsneutral, geschmacksneutral und optisch sowie haptisch von &#8220;echtem&#8221; Glas kaum zu unterscheiden.<\/p>\n<p>Aufgrund der speziellen Form des Weizenbierglases bleibt das Bier lange frisch und die begehrte Schaumkrone h\u00e4lt genauso lange wie in einem normalen Weizenglas. Das liegt daran, dass die Perlen der Kohlens\u00e4ure einen weiten Weg vom Boden des Glases bis nach oben zur\u00fccklegen m\u00fcssen.<\/p>\n","protected":false},"excerpt":{"rendered":"<p>Weizen-Bierglas 0,3 Liter aus Polycarbonat. Glasklar, bruchsicher, sp\u00fclmaschinenfest.<\/p>\n","protected":false},"featured_media":1060,"template":"","meta":[],"product_cat":[68],"product_tag":[],"yoast_head":"<!-- This site is optimized with the Yoast SEO plugin v23.1 - https:\/\/yoast.com\/wordpress\/plugins\/seo\/ -->\n<title>Weizen Bierglas 0,3 l aus PC \u2013 f\u00fcr den unverf\u00e4lschten Biergenuss<\/title>\n<meta name=\"description\" content=\"Weizen Bierglas 0,3 l aus Polycarbonat \u2714\ufe0f bruchsicher \u2714\ufe0f kratzfest \u2714\ufe0f bedruckbar \u2714\ufe0f geruchsneutral \u2714\ufe0f geschmacksneutral \u2714\ufe0f sp\u00fclmaschinengeeignet\" \/>\n<meta name=\"robots\" content=\"index, follow, max-snippet:-1, max-image-preview:large, max-video-preview:-1\" \/>\n<link rel=\"canonical\" href=\"https:\/\/cupworld.at\/produkt\/weizen-300ml\/\" \/>\n<meta property=\"og:locale\" content=\"en_US\" \/>\n<meta property=\"og:type\" content=\"article\" \/>\n<meta property=\"og:title\" content=\"Weizen Bierglas 0,3 l aus PC \u2013 f\u00fcr den unverf\u00e4lschten Biergenuss\" \/>\n<meta property=\"og:description\" content=\"Weizen Bierglas 0,3 l aus Polycarbonat \u2714\ufe0f bruchsicher \u2714\ufe0f kratzfest \u2714\ufe0f bedruckbar \u2714\ufe0f geruchsneutral \u2714\ufe0f geschmacksneutral \u2714\ufe0f sp\u00fclmaschinengeeignet\" \/>\n<meta property=\"og:url\" content=\"https:\/\/cupworld.at\/produkt\/weizen-300ml\/\" \/>\n<meta property=\"og:site_name\" content=\"CupWorld\" \/>\n<meta property=\"article:modified_time\" content=\"2024-12-10T07:33:50+00:00\" \/>\n<meta property=\"og:image\" content=\"https:\/\/cupworld.at\/wp-content\/uploads\/2020\/10\/CUP-Weizen-300ml.jpg\" \/>\n\t<meta property=\"og:image:width\" content=\"1000\" \/>\n\t<meta property=\"og:image:height\" content=\"1000\" \/>\n\t<meta property=\"og:image:type\" content=\"image\/jpeg\" \/>\n<meta name=\"twitter:card\" content=\"summary_large_image\" \/>\n<meta name=\"twitter:label1\" content=\"Est. reading time\" \/>\n\t<meta name=\"twitter:data1\" content=\"1 minute\" \/>\n<script type=\"application\/ld+json\" class=\"yoast-schema-graph\">{\"@context\":\"https:\/\/schema.org\",\"@graph\":[{\"@type\":\"WebPage\",\"@id\":\"https:\/\/cupworld.at\/produkt\/weizen-300ml\/\",\"url\":\"https:\/\/cupworld.at\/produkt\/weizen-300ml\/\",\"name\":\"Weizen Bierglas 0,3 l aus PC \u2013 f\u00fcr den unverf\u00e4lschten Biergenuss\",\"isPartOf\":{\"@id\":\"https:\/\/cupworld.at\/#website\"},\"primaryImageOfPage\":{\"@id\":\"https:\/\/cupworld.at\/produkt\/weizen-300ml\/#primaryimage\"},\"image\":{\"@id\":\"https:\/\/cupworld.at\/produkt\/weizen-300ml\/#primaryimage\"},\"thumbnailUrl\":\"https:\/\/cupworld.at\/wp-content\/uploads\/2020\/10\/CUP-Weizen-300ml.jpg\",\"datePublished\":\"2020-10-28T18:13:42+00:00\",\"dateModified\":\"2024-12-10T07:33:50+00:00\",\"description\":\"Weizen Bierglas 0,3 l aus Polycarbonat \u2714\ufe0f bruchsicher \u2714\ufe0f kratzfest \u2714\ufe0f bedruckbar \u2714\ufe0f geruchsneutral \u2714\ufe0f geschmacksneutral \u2714\ufe0f sp\u00fclmaschinengeeignet\",\"breadcrumb\":{\"@id\":\"https:\/\/cupworld.at\/produkt\/weizen-300ml\/#breadcrumb\"},\"inLanguage\":\"en-US\",\"potentialAction\":[{\"@type\":\"ReadAction\",\"target\":[\"https:\/\/cupworld.at\/produkt\/weizen-300ml\/\"]}]},{\"@type\":\"ImageObject\",\"inLanguage\":\"en-US\",\"@id\":\"https:\/\/cupworld.at\/produkt\/weizen-300ml\/#primaryimage\",\"url\":\"https:\/\/cupworld.at\/wp-content\/uploads\/2020\/10\/CUP-Weizen-300ml.jpg\",\"contentUrl\":\"https:\/\/cupworld.at\/wp-content\/uploads\/2020\/10\/CUP-Weizen-300ml.jpg\",\"width\":1000,\"height\":1000,\"caption\":\"Weizen-Bierglas 300 ml aus Polycarbonat\"},{\"@type\":\"BreadcrumbList\",\"@id\":\"https:\/\/cupworld.at\/produkt\/weizen-300ml\/#breadcrumb\",\"itemListElement\":[{\"@type\":\"ListItem\",\"position\":1,\"name\":\"Startseite\",\"item\":\"https:\/\/cupworld.at\/en\/\"},{\"@type\":\"ListItem\",\"position\":2,\"name\":\"Mehrwegbecher kaufen\",\"item\":\"https:\/\/cupworld.at\/mehrwegbecher-kaufen\/\"},{\"@type\":\"ListItem\",\"position\":3,\"name\":\"CUP Weizen 0,3\"}]},{\"@type\":\"WebSite\",\"@id\":\"https:\/\/cupworld.at\/#website\",\"url\":\"https:\/\/cupworld.at\/\",\"name\":\"CupWorld\",\"description\":\"\",\"potentialAction\":[{\"@type\":\"SearchAction\",\"target\":{\"@type\":\"EntryPoint\",\"urlTemplate\":\"https:\/\/cupworld.at\/?s={search_term_string}\"},\"query-input\":\"required name=search_term_string\"}],\"inLanguage\":\"en-US\"}]}<\/script>\n<!-- \/ Yoast SEO plugin. -->","yoast_head_json":{"title":"Weizen Bierglas 0,3 l aus PC \u2013 f\u00fcr den unverf\u00e4lschten Biergenuss","description":"Weizen Bierglas 0,3 l aus Polycarbonat \u2714\ufe0f bruchsicher \u2714\ufe0f kratzfest \u2714\ufe0f bedruckbar \u2714\ufe0f geruchsneutral \u2714\ufe0f geschmacksneutral \u2714\ufe0f sp\u00fclmaschinengeeignet","robots":{"index":"index","follow":"follow","max-snippet":"max-snippet:-1","max-image-preview":"max-image-preview:large","max-video-preview":"max-video-preview:-1"},"canonical":"https:\/\/cupworld.at\/produkt\/weizen-300ml\/","og_locale":"en_US","og_type":"article","og_title":"Weizen Bierglas 0,3 l aus PC \u2013 f\u00fcr den unverf\u00e4lschten Biergenuss","og_description":"Weizen Bierglas 0,3 l aus Polycarbonat \u2714\ufe0f bruchsicher \u2714\ufe0f kratzfest \u2714\ufe0f bedruckbar \u2714\ufe0f geruchsneutral \u2714\ufe0f geschmacksneutral \u2714\ufe0f sp\u00fclmaschinengeeignet","og_url":"https:\/\/cupworld.at\/produkt\/weizen-300ml\/","og_site_name":"CupWorld","article_modified_time":"2024-12-10T07:33:50+00:00","og_image":[{"width":1000,"height":1000,"url":"https:\/\/cupworld.at\/wp-content\/uploads\/2020\/10\/CUP-Weizen-300ml.jpg","type":"image\/jpeg"}],"twitter_card":"summary_large_image","twitter_misc":{"Est. reading time":"1 minute"},"schema":{"@context":"https:\/\/schema.org","@graph":[{"@type":"WebPage","@id":"https:\/\/cupworld.at\/produkt\/weizen-300ml\/","url":"https:\/\/cupworld.at\/produkt\/weizen-300ml\/","name":"Weizen Bierglas 0,3 l aus PC \u2013 f\u00fcr den unverf\u00e4lschten Biergenuss","isPartOf":{"@id":"https:\/\/cupworld.at\/#website"},"primaryImageOfPage":{"@id":"https:\/\/cupworld.at\/produkt\/weizen-300ml\/#primaryimage"},"image":{"@id":"https:\/\/cupworld.at\/produkt\/weizen-300ml\/#primaryimage"},"thumbnailUrl":"https:\/\/cupworld.at\/wp-content\/uploads\/2020\/10\/CUP-Weizen-300ml.jpg","datePublished":"2020-10-28T18:13:42+00:00","dateModified":"2024-12-10T07:33:50+00:00","description":"Weizen Bierglas 0,3 l aus Polycarbonat \u2714\ufe0f bruchsicher \u2714\ufe0f kratzfest \u2714\ufe0f bedruckbar \u2714\ufe0f geruchsneutral \u2714\ufe0f geschmacksneutral \u2714\ufe0f sp\u00fclmaschinengeeignet","breadcrumb":{"@id":"https:\/\/cupworld.at\/produkt\/weizen-300ml\/#breadcrumb"},"inLanguage":"en-US","potentialAction":[{"@type":"ReadAction","target":["https:\/\/cupworld.at\/produkt\/weizen-300ml\/"]}]},{"@type":"ImageObject","inLanguage":"en-US","@id":"https:\/\/cupworld.at\/produkt\/weizen-300ml\/#primaryimage","url":"https:\/\/cupworld.at\/wp-content\/uploads\/2020\/10\/CUP-Weizen-300ml.jpg","contentUrl":"https:\/\/cupworld.at\/wp-content\/uploads\/2020\/10\/CUP-Weizen-300ml.jpg","width":1000,"height":1000,"caption":"Weizen-Bierglas 300 ml aus Polycarbonat"},{"@type":"BreadcrumbList","@id":"https:\/\/cupworld.at\/produkt\/weizen-300ml\/#breadcrumb","itemListElement":[{"@type":"ListItem","position":1,"name":"Startseite","item":"https:\/\/cupworld.at\/en\/"},{"@type":"ListItem","position":2,"name":"Mehrwegbecher kaufen","item":"https:\/\/cupworld.at\/mehrwegbecher-kaufen\/"},{"@type":"ListItem","position":3,"name":"CUP Weizen 0,3"}]},{"@type":"WebSite","@id":"https:\/\/cupworld.at\/#website","url":"https:\/\/cupworld.at\/","name":"CupWorld","description":"","potentialAction":[{"@type":"SearchAction","target":{"@type":"EntryPoint","urlTemplate":"https:\/\/cupworld.at\/?s={search_term_string}"},"query-input":"required name=search_term_string"}],"inLanguage":"en-US"}]}},"tiered_pricing_type":"fixed","tiered_pricing_fixed_rules":{"25":"4.98","36":"4.72","48":"4.68"},"_links":{"self":[{"href":"https:\/\/cupworld.at\/en\/wp-json\/wp\/v2\/product\/1066"}],"collection":[{"href":"https:\/\/cupworld.at\/en\/wp-json\/wp\/v2\/product"}],"about":[{"href":"https:\/\/cupworld.at\/en\/wp-json\/wp\/v2\/types\/product"}],"wp:featuredmedia":[{"embeddable":true,"href":"https:\/\/cupworld.at\/en\/wp-json\/wp\/v2\/media\/1060"}],"wp:attachment":[{"href":"https:\/\/cupworld.at\/en\/wp-json\/wp\/v2\/media?parent=1066"}],"wp:term":[{"taxonomy":"product_cat","embeddable":true,"href":"https:\/\/cupworld.at\/en\/wp-json\/wp\/v2\/product_cat?post=1066"},{"taxonomy":"product_tag","embeddable":true,"href":"https:\/\/cupworld.at\/en\/wp-json\/wp\/v2\/product_tag?post=1066"}],"curies":[{"name":"wp","href":"https:\/\/api.w.org\/{rel}","templated":true}]}}