{"id":1106,"date":"2020-11-03T17:00:49","date_gmt":"2020-11-03T17:00:49","guid":{"rendered":"https:\/\/cupworld.at\/new\/?post_type=product&#038;p=1106"},"modified":"2022-09-14T06:27:52","modified_gmt":"2022-09-14T06:27:52","slug":"masskrug-1l","status":"publish","type":"product","link":"https:\/\/cupworld.at\/en\/produkt\/masskrug-1l\/","title":{"rendered":"CUP Ma\u00dfkrug 1,0"},"content":{"rendered":"<p>Der Mehrweg Ma\u00dfkrug 1 Liter (F\u00fcllverm\u00f6gen 1.100 ml) mit massivem Henkel aus Styrol Acrylnitril (SAN) ist absolut bruchsicher, BPA-frei, auf der Vorderseite mit Ihrem Logo bedruckbar und f\u00fcr Sp\u00fclmaschinen geeignet (auch f\u00fcr Industriesp\u00fcler). Die Lebensdauer liegt bei rund 600 bis 800 Sp\u00fclg\u00e4ngen. Eichstrich bei 1 Liter.<\/p>\n<p>Unser CUP Ma\u00dfkrug 1 Liter sollte auf keinem Zeltfest fehlen!<\/p>\n","protected":false},"excerpt":{"rendered":"<p>Ma\u00dfkrug 1 Liter mit massivem Henkel aus SAN mit Eichstrich. Bruchsicher.<\/p>\n","protected":false},"featured_media":1092,"template":"","meta":[],"product_cat":[68],"product_tag":[],"yoast_head":"<!-- This site is optimized with the Yoast SEO plugin v23.1 - https:\/\/yoast.com\/wordpress\/plugins\/seo\/ -->\n<title>Mehrweg Ma\u00dfkrug 1 l aus SAN f\u00fcr jedes Fest \u2013 absolut bruchsicher<\/title>\n<meta name=\"description\" content=\"Mehrweg Ma\u00dfkrug 1 l aus Styrol Acrylnitril \u2714\ufe0f absolut bruchsicher \u2714\ufe0f BPA-frei \u2714\ufe0f bedruckbar \u2714\ufe0f sp\u00fclmaschinenfest \u2714\ufe0f massiver Henkel\" \/>\n<meta name=\"robots\" content=\"index, follow, max-snippet:-1, max-image-preview:large, max-video-preview:-1\" \/>\n<link rel=\"canonical\" href=\"https:\/\/cupworld.at\/produkt\/masskrug-1l\/\" \/>\n<meta property=\"og:locale\" content=\"en_US\" \/>\n<meta property=\"og:type\" content=\"article\" \/>\n<meta property=\"og:title\" content=\"Mehrweg Ma\u00dfkrug 1 l aus SAN f\u00fcr jedes Fest \u2013 absolut bruchsicher\" \/>\n<meta property=\"og:description\" content=\"Mehrweg Ma\u00dfkrug 1 l aus Styrol Acrylnitril \u2714\ufe0f absolut bruchsicher \u2714\ufe0f BPA-frei \u2714\ufe0f bedruckbar \u2714\ufe0f sp\u00fclmaschinenfest \u2714\ufe0f massiver Henkel\" \/>\n<meta property=\"og:url\" content=\"https:\/\/cupworld.at\/produkt\/masskrug-1l\/\" \/>\n<meta property=\"og:site_name\" content=\"CupWorld\" \/>\n<meta property=\"article:modified_time\" content=\"2022-09-14T06:27:52+00:00\" \/>\n<meta property=\"og:image\" content=\"https:\/\/cupworld.at\/wp-content\/uploads\/2020\/11\/CUP-Masskrug-1l.jpg\" \/>\n\t<meta property=\"og:image:width\" content=\"1000\" \/>\n\t<meta property=\"og:image:height\" content=\"1000\" \/>\n\t<meta property=\"og:image:type\" content=\"image\/jpeg\" \/>\n<meta name=\"twitter:card\" content=\"summary_large_image\" \/>\n<meta name=\"twitter:label1\" content=\"Est. reading time\" \/>\n\t<meta name=\"twitter:data1\" content=\"1 minute\" \/>\n<script type=\"application\/ld+json\" class=\"yoast-schema-graph\">{\"@context\":\"https:\/\/schema.org\",\"@graph\":[{\"@type\":\"WebPage\",\"@id\":\"https:\/\/cupworld.at\/produkt\/masskrug-1l\/\",\"url\":\"https:\/\/cupworld.at\/produkt\/masskrug-1l\/\",\"name\":\"Mehrweg Ma\u00dfkrug 1 l aus SAN f\u00fcr jedes Fest \u2013 absolut bruchsicher\",\"isPartOf\":{\"@id\":\"https:\/\/cupworld.at\/#website\"},\"primaryImageOfPage\":{\"@id\":\"https:\/\/cupworld.at\/produkt\/masskrug-1l\/#primaryimage\"},\"image\":{\"@id\":\"https:\/\/cupworld.at\/produkt\/masskrug-1l\/#primaryimage\"},\"thumbnailUrl\":\"https:\/\/cupworld.at\/wp-content\/uploads\/2020\/11\/CUP-Masskrug-1l.jpg\",\"datePublished\":\"2020-11-03T17:00:49+00:00\",\"dateModified\":\"2022-09-14T06:27:52+00:00\",\"description\":\"Mehrweg Ma\u00dfkrug 1 l aus Styrol Acrylnitril \u2714\ufe0f absolut bruchsicher \u2714\ufe0f BPA-frei \u2714\ufe0f bedruckbar \u2714\ufe0f sp\u00fclmaschinenfest \u2714\ufe0f massiver Henkel\",\"breadcrumb\":{\"@id\":\"https:\/\/cupworld.at\/produkt\/masskrug-1l\/#breadcrumb\"},\"inLanguage\":\"en-US\",\"potentialAction\":[{\"@type\":\"ReadAction\",\"target\":[\"https:\/\/cupworld.at\/produkt\/masskrug-1l\/\"]}]},{\"@type\":\"ImageObject\",\"inLanguage\":\"en-US\",\"@id\":\"https:\/\/cupworld.at\/produkt\/masskrug-1l\/#primaryimage\",\"url\":\"https:\/\/cupworld.at\/wp-content\/uploads\/2020\/11\/CUP-Masskrug-1l.jpg\",\"contentUrl\":\"https:\/\/cupworld.at\/wp-content\/uploads\/2020\/11\/CUP-Masskrug-1l.jpg\",\"width\":1000,\"height\":1000,\"caption\":\"Bier Ma\u00dfkrug 1 Liter aus Styrol Acrylnitril\"},{\"@type\":\"BreadcrumbList\",\"@id\":\"https:\/\/cupworld.at\/produkt\/masskrug-1l\/#breadcrumb\",\"itemListElement\":[{\"@type\":\"ListItem\",\"position\":1,\"name\":\"Startseite\",\"item\":\"https:\/\/cupworld.at\/en\/\"},{\"@type\":\"ListItem\",\"position\":2,\"name\":\"Mehrwegbecher kaufen\",\"item\":\"https:\/\/cupworld.at\/mehrwegbecher-kaufen\/\"},{\"@type\":\"ListItem\",\"position\":3,\"name\":\"CUP Ma\u00dfkrug 1,0\"}]},{\"@type\":\"WebSite\",\"@id\":\"https:\/\/cupworld.at\/#website\",\"url\":\"https:\/\/cupworld.at\/\",\"name\":\"CupWorld\",\"description\":\"\",\"potentialAction\":[{\"@type\":\"SearchAction\",\"target\":{\"@type\":\"EntryPoint\",\"urlTemplate\":\"https:\/\/cupworld.at\/?s={search_term_string}\"},\"query-input\":\"required name=search_term_string\"}],\"inLanguage\":\"en-US\"}]}<\/script>\n<!-- \/ Yoast SEO plugin. -->","yoast_head_json":{"title":"Mehrweg Ma\u00dfkrug 1 l aus SAN f\u00fcr jedes Fest \u2013 absolut bruchsicher","description":"Mehrweg Ma\u00dfkrug 1 l aus Styrol Acrylnitril \u2714\ufe0f absolut bruchsicher \u2714\ufe0f BPA-frei \u2714\ufe0f bedruckbar \u2714\ufe0f sp\u00fclmaschinenfest \u2714\ufe0f massiver Henkel","robots":{"index":"index","follow":"follow","max-snippet":"max-snippet:-1","max-image-preview":"max-image-preview:large","max-video-preview":"max-video-preview:-1"},"canonical":"https:\/\/cupworld.at\/produkt\/masskrug-1l\/","og_locale":"en_US","og_type":"article","og_title":"Mehrweg Ma\u00dfkrug 1 l aus SAN f\u00fcr jedes Fest \u2013 absolut bruchsicher","og_description":"Mehrweg Ma\u00dfkrug 1 l aus Styrol Acrylnitril \u2714\ufe0f absolut bruchsicher \u2714\ufe0f BPA-frei \u2714\ufe0f bedruckbar \u2714\ufe0f sp\u00fclmaschinenfest \u2714\ufe0f massiver Henkel","og_url":"https:\/\/cupworld.at\/produkt\/masskrug-1l\/","og_site_name":"CupWorld","article_modified_time":"2022-09-14T06:27:52+00:00","og_image":[{"width":1000,"height":1000,"url":"https:\/\/cupworld.at\/wp-content\/uploads\/2020\/11\/CUP-Masskrug-1l.jpg","type":"image\/jpeg"}],"twitter_card":"summary_large_image","twitter_misc":{"Est. reading time":"1 minute"},"schema":{"@context":"https:\/\/schema.org","@graph":[{"@type":"WebPage","@id":"https:\/\/cupworld.at\/produkt\/masskrug-1l\/","url":"https:\/\/cupworld.at\/produkt\/masskrug-1l\/","name":"Mehrweg Ma\u00dfkrug 1 l aus SAN f\u00fcr jedes Fest \u2013 absolut bruchsicher","isPartOf":{"@id":"https:\/\/cupworld.at\/#website"},"primaryImageOfPage":{"@id":"https:\/\/cupworld.at\/produkt\/masskrug-1l\/#primaryimage"},"image":{"@id":"https:\/\/cupworld.at\/produkt\/masskrug-1l\/#primaryimage"},"thumbnailUrl":"https:\/\/cupworld.at\/wp-content\/uploads\/2020\/11\/CUP-Masskrug-1l.jpg","datePublished":"2020-11-03T17:00:49+00:00","dateModified":"2022-09-14T06:27:52+00:00","description":"Mehrweg Ma\u00dfkrug 1 l aus Styrol Acrylnitril \u2714\ufe0f absolut bruchsicher \u2714\ufe0f BPA-frei \u2714\ufe0f bedruckbar \u2714\ufe0f sp\u00fclmaschinenfest \u2714\ufe0f massiver Henkel","breadcrumb":{"@id":"https:\/\/cupworld.at\/produkt\/masskrug-1l\/#breadcrumb"},"inLanguage":"en-US","potentialAction":[{"@type":"ReadAction","target":["https:\/\/cupworld.at\/produkt\/masskrug-1l\/"]}]},{"@type":"ImageObject","inLanguage":"en-US","@id":"https:\/\/cupworld.at\/produkt\/masskrug-1l\/#primaryimage","url":"https:\/\/cupworld.at\/wp-content\/uploads\/2020\/11\/CUP-Masskrug-1l.jpg","contentUrl":"https:\/\/cupworld.at\/wp-content\/uploads\/2020\/11\/CUP-Masskrug-1l.jpg","width":1000,"height":1000,"caption":"Bier Ma\u00dfkrug 1 Liter aus Styrol Acrylnitril"},{"@type":"BreadcrumbList","@id":"https:\/\/cupworld.at\/produkt\/masskrug-1l\/#breadcrumb","itemListElement":[{"@type":"ListItem","position":1,"name":"Startseite","item":"https:\/\/cupworld.at\/en\/"},{"@type":"ListItem","position":2,"name":"Mehrwegbecher kaufen","item":"https:\/\/cupworld.at\/mehrwegbecher-kaufen\/"},{"@type":"ListItem","position":3,"name":"CUP Ma\u00dfkrug 1,0"}]},{"@type":"WebSite","@id":"https:\/\/cupworld.at\/#website","url":"https:\/\/cupworld.at\/","name":"CupWorld","description":"","potentialAction":[{"@type":"SearchAction","target":{"@type":"EntryPoint","urlTemplate":"https:\/\/cupworld.at\/?s={search_term_string}"},"query-input":"required name=search_term_string"}],"inLanguage":"en-US"}]}},"tiered_pricing_type":"fixed","tiered_pricing_fixed_rules":{"24":"7.63","40":"7.54","80":"7.45"},"_links":{"self":[{"href":"https:\/\/cupworld.at\/en\/wp-json\/wp\/v2\/product\/1106"}],"collection":[{"href":"https:\/\/cupworld.at\/en\/wp-json\/wp\/v2\/product"}],"about":[{"href":"https:\/\/cupworld.at\/en\/wp-json\/wp\/v2\/types\/product"}],"wp:featuredmedia":[{"embeddable":true,"href":"https:\/\/cupworld.at\/en\/wp-json\/wp\/v2\/media\/1092"}],"wp:attachment":[{"href":"https:\/\/cupworld.at\/en\/wp-json\/wp\/v2\/media?parent=1106"}],"wp:term":[{"taxonomy":"product_cat","embeddable":true,"href":"https:\/\/cupworld.at\/en\/wp-json\/wp\/v2\/product_cat?post=1106"},{"taxonomy":"product_tag","embeddable":true,"href":"https:\/\/cupworld.at\/en\/wp-json\/wp\/v2\/product_tag?post=1106"}],"curies":[{"name":"wp","href":"https:\/\/api.w.org\/{rel}","templated":true}]}}