{"id":1115,"date":"2020-11-03T18:14:45","date_gmt":"2020-11-03T18:14:45","guid":{"rendered":"https:\/\/cupworld.at\/new\/?post_type=product&#038;p=1115"},"modified":"2021-03-15T08:16:13","modified_gmt":"2021-03-15T08:16:13","slug":"karaffe-norway-1500ml","status":"publish","type":"product","link":"https:\/\/cupworld.at\/en\/produkt\/karaffe-norway-1500ml\/","title":{"rendered":"CUP Karaffe Norway 1,5l"},"content":{"rendered":"<p>Die Karaffe Norway 1,5 Liter aus Polycarbonat (PC) mit massivem Henkel ist stapelbar, bruchfest, sp\u00fclmaschinengeeignet (auch f\u00fcr Industriesp\u00fcler), bedruckbar, kratzfest, recycelbar, geruchsneutral, geschmacksneutral, optisch und haptisch wie Glas und hat eine Lebensdauer von ungef\u00e4hr 2.000 Sp\u00fclg\u00e4ngen.<\/p>\n<p>Unser CUP Karaffe Norway 1,5 Liter hat zwei F\u00fcllstriche: bei 1,0 und 1,4 Liter<\/p>\n","protected":false},"excerpt":{"rendered":"<p>Krug &#8220;Karaffe Norway 1,5 Liter&#8221; aus PC mit massivem Henkel. Bruchfest. Stapelbar.<\/p>\n","protected":false},"featured_media":1098,"template":"","meta":[],"product_cat":[69],"product_tag":[],"yoast_head":"<!-- This site is optimized with the Yoast SEO plugin v23.1 - https:\/\/yoast.com\/wordpress\/plugins\/seo\/ -->\n<title>Mehrweg Krug 1,5 l aus PC mit massivem Henkel \u2013 bruchfest &amp; stapelbar<\/title>\n<meta name=\"description\" content=\"Krug 1,5 l aus Polycarbonat \u2714\ufe0f massiver Henkel \u2714\ufe0f bruchsicher \u2714\ufe0f stapelbar \u2714\ufe0f sp\u00fclmaschinenfest \u2714\ufe0f recycelbar \u2714\ufe0f lange Lebensdauer\" \/>\n<meta name=\"robots\" content=\"index, follow, max-snippet:-1, max-image-preview:large, max-video-preview:-1\" \/>\n<link rel=\"canonical\" href=\"https:\/\/cupworld.at\/produkt\/karaffe-norway-1500ml\/\" \/>\n<meta property=\"og:locale\" content=\"en_US\" \/>\n<meta property=\"og:type\" content=\"article\" \/>\n<meta property=\"og:title\" content=\"Mehrweg Krug 1,5 l aus PC mit massivem Henkel \u2013 bruchfest &amp; stapelbar\" \/>\n<meta property=\"og:description\" content=\"Krug 1,5 l aus Polycarbonat \u2714\ufe0f massiver Henkel \u2714\ufe0f bruchsicher \u2714\ufe0f stapelbar \u2714\ufe0f sp\u00fclmaschinenfest \u2714\ufe0f recycelbar \u2714\ufe0f lange Lebensdauer\" \/>\n<meta property=\"og:url\" content=\"https:\/\/cupworld.at\/produkt\/karaffe-norway-1500ml\/\" \/>\n<meta property=\"og:site_name\" content=\"CupWorld\" \/>\n<meta property=\"article:modified_time\" content=\"2021-03-15T08:16:13+00:00\" \/>\n<meta property=\"og:image\" content=\"https:\/\/cupworld.at\/wp-content\/uploads\/2020\/11\/CUP-Karaffe-Norway-1500ml.jpg\" \/>\n\t<meta property=\"og:image:width\" content=\"1000\" \/>\n\t<meta property=\"og:image:height\" content=\"1000\" \/>\n\t<meta property=\"og:image:type\" content=\"image\/jpeg\" \/>\n<meta name=\"twitter:card\" content=\"summary_large_image\" \/>\n<script type=\"application\/ld+json\" class=\"yoast-schema-graph\">{\"@context\":\"https:\/\/schema.org\",\"@graph\":[{\"@type\":\"WebPage\",\"@id\":\"https:\/\/cupworld.at\/produkt\/karaffe-norway-1500ml\/\",\"url\":\"https:\/\/cupworld.at\/produkt\/karaffe-norway-1500ml\/\",\"name\":\"Mehrweg Krug 1,5 l aus PC mit massivem Henkel \u2013 bruchfest & stapelbar\",\"isPartOf\":{\"@id\":\"https:\/\/cupworld.at\/#website\"},\"primaryImageOfPage\":{\"@id\":\"https:\/\/cupworld.at\/produkt\/karaffe-norway-1500ml\/#primaryimage\"},\"image\":{\"@id\":\"https:\/\/cupworld.at\/produkt\/karaffe-norway-1500ml\/#primaryimage\"},\"thumbnailUrl\":\"https:\/\/cupworld.at\/wp-content\/uploads\/2020\/11\/CUP-Karaffe-Norway-1500ml.jpg\",\"datePublished\":\"2020-11-03T18:14:45+00:00\",\"dateModified\":\"2021-03-15T08:16:13+00:00\",\"description\":\"Krug 1,5 l aus Polycarbonat \u2714\ufe0f massiver Henkel \u2714\ufe0f bruchsicher \u2714\ufe0f stapelbar \u2714\ufe0f sp\u00fclmaschinenfest \u2714\ufe0f recycelbar \u2714\ufe0f lange Lebensdauer\",\"breadcrumb\":{\"@id\":\"https:\/\/cupworld.at\/produkt\/karaffe-norway-1500ml\/#breadcrumb\"},\"inLanguage\":\"en-US\",\"potentialAction\":[{\"@type\":\"ReadAction\",\"target\":[\"https:\/\/cupworld.at\/produkt\/karaffe-norway-1500ml\/\"]}]},{\"@type\":\"ImageObject\",\"inLanguage\":\"en-US\",\"@id\":\"https:\/\/cupworld.at\/produkt\/karaffe-norway-1500ml\/#primaryimage\",\"url\":\"https:\/\/cupworld.at\/wp-content\/uploads\/2020\/11\/CUP-Karaffe-Norway-1500ml.jpg\",\"contentUrl\":\"https:\/\/cupworld.at\/wp-content\/uploads\/2020\/11\/CUP-Karaffe-Norway-1500ml.jpg\",\"width\":1000,\"height\":1000,\"caption\":\"Karaffee Norway 1500 ml aus Polycarbonat\"},{\"@type\":\"BreadcrumbList\",\"@id\":\"https:\/\/cupworld.at\/produkt\/karaffe-norway-1500ml\/#breadcrumb\",\"itemListElement\":[{\"@type\":\"ListItem\",\"position\":1,\"name\":\"Startseite\",\"item\":\"https:\/\/cupworld.at\/en\/\"},{\"@type\":\"ListItem\",\"position\":2,\"name\":\"Mehrwegbecher kaufen\",\"item\":\"https:\/\/cupworld.at\/mehrwegbecher-kaufen\/\"},{\"@type\":\"ListItem\",\"position\":3,\"name\":\"CUP Karaffe Norway 1,5l\"}]},{\"@type\":\"WebSite\",\"@id\":\"https:\/\/cupworld.at\/#website\",\"url\":\"https:\/\/cupworld.at\/\",\"name\":\"CupWorld\",\"description\":\"\",\"potentialAction\":[{\"@type\":\"SearchAction\",\"target\":{\"@type\":\"EntryPoint\",\"urlTemplate\":\"https:\/\/cupworld.at\/?s={search_term_string}\"},\"query-input\":\"required name=search_term_string\"}],\"inLanguage\":\"en-US\"}]}<\/script>\n<!-- \/ Yoast SEO plugin. -->","yoast_head_json":{"title":"Mehrweg Krug 1,5 l aus PC mit massivem Henkel \u2013 bruchfest & stapelbar","description":"Krug 1,5 l aus Polycarbonat \u2714\ufe0f massiver Henkel \u2714\ufe0f bruchsicher \u2714\ufe0f stapelbar \u2714\ufe0f sp\u00fclmaschinenfest \u2714\ufe0f recycelbar \u2714\ufe0f lange Lebensdauer","robots":{"index":"index","follow":"follow","max-snippet":"max-snippet:-1","max-image-preview":"max-image-preview:large","max-video-preview":"max-video-preview:-1"},"canonical":"https:\/\/cupworld.at\/produkt\/karaffe-norway-1500ml\/","og_locale":"en_US","og_type":"article","og_title":"Mehrweg Krug 1,5 l aus PC mit massivem Henkel \u2013 bruchfest & stapelbar","og_description":"Krug 1,5 l aus Polycarbonat \u2714\ufe0f massiver Henkel \u2714\ufe0f bruchsicher \u2714\ufe0f stapelbar \u2714\ufe0f sp\u00fclmaschinenfest \u2714\ufe0f recycelbar \u2714\ufe0f lange Lebensdauer","og_url":"https:\/\/cupworld.at\/produkt\/karaffe-norway-1500ml\/","og_site_name":"CupWorld","article_modified_time":"2021-03-15T08:16:13+00:00","og_image":[{"width":1000,"height":1000,"url":"https:\/\/cupworld.at\/wp-content\/uploads\/2020\/11\/CUP-Karaffe-Norway-1500ml.jpg","type":"image\/jpeg"}],"twitter_card":"summary_large_image","schema":{"@context":"https:\/\/schema.org","@graph":[{"@type":"WebPage","@id":"https:\/\/cupworld.at\/produkt\/karaffe-norway-1500ml\/","url":"https:\/\/cupworld.at\/produkt\/karaffe-norway-1500ml\/","name":"Mehrweg Krug 1,5 l aus PC mit massivem Henkel \u2013 bruchfest & stapelbar","isPartOf":{"@id":"https:\/\/cupworld.at\/#website"},"primaryImageOfPage":{"@id":"https:\/\/cupworld.at\/produkt\/karaffe-norway-1500ml\/#primaryimage"},"image":{"@id":"https:\/\/cupworld.at\/produkt\/karaffe-norway-1500ml\/#primaryimage"},"thumbnailUrl":"https:\/\/cupworld.at\/wp-content\/uploads\/2020\/11\/CUP-Karaffe-Norway-1500ml.jpg","datePublished":"2020-11-03T18:14:45+00:00","dateModified":"2021-03-15T08:16:13+00:00","description":"Krug 1,5 l aus Polycarbonat \u2714\ufe0f massiver Henkel \u2714\ufe0f bruchsicher \u2714\ufe0f stapelbar \u2714\ufe0f sp\u00fclmaschinenfest \u2714\ufe0f recycelbar \u2714\ufe0f lange Lebensdauer","breadcrumb":{"@id":"https:\/\/cupworld.at\/produkt\/karaffe-norway-1500ml\/#breadcrumb"},"inLanguage":"en-US","potentialAction":[{"@type":"ReadAction","target":["https:\/\/cupworld.at\/produkt\/karaffe-norway-1500ml\/"]}]},{"@type":"ImageObject","inLanguage":"en-US","@id":"https:\/\/cupworld.at\/produkt\/karaffe-norway-1500ml\/#primaryimage","url":"https:\/\/cupworld.at\/wp-content\/uploads\/2020\/11\/CUP-Karaffe-Norway-1500ml.jpg","contentUrl":"https:\/\/cupworld.at\/wp-content\/uploads\/2020\/11\/CUP-Karaffe-Norway-1500ml.jpg","width":1000,"height":1000,"caption":"Karaffee Norway 1500 ml aus Polycarbonat"},{"@type":"BreadcrumbList","@id":"https:\/\/cupworld.at\/produkt\/karaffe-norway-1500ml\/#breadcrumb","itemListElement":[{"@type":"ListItem","position":1,"name":"Startseite","item":"https:\/\/cupworld.at\/en\/"},{"@type":"ListItem","position":2,"name":"Mehrwegbecher kaufen","item":"https:\/\/cupworld.at\/mehrwegbecher-kaufen\/"},{"@type":"ListItem","position":3,"name":"CUP Karaffe Norway 1,5l"}]},{"@type":"WebSite","@id":"https:\/\/cupworld.at\/#website","url":"https:\/\/cupworld.at\/","name":"CupWorld","description":"","potentialAction":[{"@type":"SearchAction","target":{"@type":"EntryPoint","urlTemplate":"https:\/\/cupworld.at\/?s={search_term_string}"},"query-input":"required name=search_term_string"}],"inLanguage":"en-US"}]}},"tiered_pricing_type":"fixed","tiered_pricing_fixed_rules":{"50":"13.96","100":"13.67","200":"13.48"},"_links":{"self":[{"href":"https:\/\/cupworld.at\/en\/wp-json\/wp\/v2\/product\/1115"}],"collection":[{"href":"https:\/\/cupworld.at\/en\/wp-json\/wp\/v2\/product"}],"about":[{"href":"https:\/\/cupworld.at\/en\/wp-json\/wp\/v2\/types\/product"}],"wp:featuredmedia":[{"embeddable":true,"href":"https:\/\/cupworld.at\/en\/wp-json\/wp\/v2\/media\/1098"}],"wp:attachment":[{"href":"https:\/\/cupworld.at\/en\/wp-json\/wp\/v2\/media?parent=1115"}],"wp:term":[{"taxonomy":"product_cat","embeddable":true,"href":"https:\/\/cupworld.at\/en\/wp-json\/wp\/v2\/product_cat?post=1115"},{"taxonomy":"product_tag","embeddable":true,"href":"https:\/\/cupworld.at\/en\/wp-json\/wp\/v2\/product_tag?post=1115"}],"curies":[{"name":"wp","href":"https:\/\/api.w.org\/{rel}","templated":true}]}}