{"id":1240,"date":"2020-11-10T14:08:54","date_gmt":"2020-11-10T14:08:54","guid":{"rendered":"https:\/\/cupworld.at\/new\/?post_type=product&#038;p=1240"},"modified":"2022-09-14T06:36:02","modified_gmt":"2022-09-14T06:36:02","slug":"trinkbecher-300ml-san","status":"publish","type":"product","link":"https:\/\/cupworld.at\/en\/produkt\/trinkbecher-300ml-san\/","title":{"rendered":"CUP Premium Trinkbecher 0,3 SAN"},"content":{"rendered":"<p>Unser CUP Premium Trinkbecher 0,3 Liter aus Styrol Acrylnitril (SAN) ist BPA-frei, teilgefrostet und vielf\u00e4ltig zu verwenden: als Saftglas, Wasserglas, Longdrinkglas und Cocktailglas sowie f\u00fcr Mischgetr\u00e4nke.<\/p>\n<p>Da der CUP Premium Trinkbecher bruchfest ist kann er bedenkenlos im Garten, am Pool oder Strand, im Wellness-Bereich, in Kinderg\u00e4rten, Kitas und anderen Betreuungseinrichtungen, in Krankenh\u00e4usern, Altenheimen, Pflegeheimen, auf Zeltfesten, Feiern und Veranstaltungen eingesetzt werden.<span class=\"Apple-converted-space\">\u00a0<\/span><\/p>\n<p>Der Mehrweg Trinkbecher ist bruchsicher, recycelbar, sp\u00fclmaschinenfest, stapelbar, lebensmittelecht, bedruckbar, standfest, gut im Griff und aufgrund des geringeren Gewichts viel leichter und sicherer zu transportieren als Glas. F\u00fcllstrich bei 0,3 l. Durch die Teilfrostung bleibt der Inhalt optisch l\u00e4nger frisch und auch rutschfester.<\/p>\n","protected":false},"excerpt":{"rendered":"<p>Mehrweg-Trinkbecher 0,3 Liter aus SAN. Stapelbar, mit F\u00fcllstrich, BPA-frei.<\/p>\n","protected":false},"featured_media":1282,"template":"","meta":[],"product_cat":[71,118],"product_tag":[145,168],"yoast_head":"<!-- This site is optimized with the Yoast SEO plugin v23.1 - https:\/\/yoast.com\/wordpress\/plugins\/seo\/ -->\n<title>Trinkbecher 0,3 l aus bruchfestem SAN online kaufen<\/title>\n<meta name=\"description\" content=\"Trinkbecher 0,3 l \u2714\ufe0f SAN \u2714\ufe0f teilgefrostet \u2714\ufe0f BPA-frei \u2714\ufe0f bruchsicher \u2714\ufe0f sp\u00fclmaschinenfest \u2714\ufe0f recycelbar \u2714\ufe0f vielseitig verwendbar\" \/>\n<meta name=\"robots\" content=\"index, follow, max-snippet:-1, max-image-preview:large, max-video-preview:-1\" \/>\n<link rel=\"canonical\" href=\"https:\/\/cupworld.at\/produkt\/trinkbecher-300ml-san\/\" \/>\n<meta property=\"og:locale\" content=\"en_US\" \/>\n<meta property=\"og:type\" content=\"article\" \/>\n<meta property=\"og:title\" content=\"Trinkbecher 0,3 l aus bruchfestem SAN online kaufen\" \/>\n<meta property=\"og:description\" content=\"Trinkbecher 0,3 l \u2714\ufe0f SAN \u2714\ufe0f teilgefrostet \u2714\ufe0f BPA-frei \u2714\ufe0f bruchsicher \u2714\ufe0f sp\u00fclmaschinenfest \u2714\ufe0f recycelbar \u2714\ufe0f vielseitig verwendbar\" \/>\n<meta property=\"og:url\" content=\"https:\/\/cupworld.at\/produkt\/trinkbecher-300ml-san\/\" \/>\n<meta property=\"og:site_name\" content=\"CupWorld\" \/>\n<meta property=\"article:modified_time\" content=\"2022-09-14T06:36:02+00:00\" \/>\n<meta property=\"og:image\" content=\"https:\/\/cupworld.at\/wp-content\/uploads\/2020\/11\/CUP-Premium-Trinkglas-300ml-SAN.jpg\" \/>\n\t<meta property=\"og:image:width\" content=\"1000\" \/>\n\t<meta property=\"og:image:height\" content=\"1000\" \/>\n\t<meta property=\"og:image:type\" content=\"image\/jpeg\" \/>\n<meta name=\"twitter:card\" content=\"summary_large_image\" \/>\n<meta name=\"twitter:label1\" content=\"Est. reading time\" \/>\n\t<meta name=\"twitter:data1\" content=\"1 minute\" \/>\n<script type=\"application\/ld+json\" class=\"yoast-schema-graph\">{\"@context\":\"https:\/\/schema.org\",\"@graph\":[{\"@type\":\"WebPage\",\"@id\":\"https:\/\/cupworld.at\/produkt\/trinkbecher-300ml-san\/\",\"url\":\"https:\/\/cupworld.at\/produkt\/trinkbecher-300ml-san\/\",\"name\":\"Trinkbecher 0,3 l aus bruchfestem SAN online kaufen\",\"isPartOf\":{\"@id\":\"https:\/\/cupworld.at\/#website\"},\"primaryImageOfPage\":{\"@id\":\"https:\/\/cupworld.at\/produkt\/trinkbecher-300ml-san\/#primaryimage\"},\"image\":{\"@id\":\"https:\/\/cupworld.at\/produkt\/trinkbecher-300ml-san\/#primaryimage\"},\"thumbnailUrl\":\"https:\/\/cupworld.at\/wp-content\/uploads\/2020\/11\/CUP-Premium-Trinkglas-300ml-SAN.jpg\",\"datePublished\":\"2020-11-10T14:08:54+00:00\",\"dateModified\":\"2022-09-14T06:36:02+00:00\",\"description\":\"Trinkbecher 0,3 l \u2714\ufe0f SAN \u2714\ufe0f teilgefrostet \u2714\ufe0f BPA-frei \u2714\ufe0f bruchsicher \u2714\ufe0f sp\u00fclmaschinenfest \u2714\ufe0f recycelbar \u2714\ufe0f vielseitig verwendbar\",\"breadcrumb\":{\"@id\":\"https:\/\/cupworld.at\/produkt\/trinkbecher-300ml-san\/#breadcrumb\"},\"inLanguage\":\"en-US\",\"potentialAction\":[{\"@type\":\"ReadAction\",\"target\":[\"https:\/\/cupworld.at\/produkt\/trinkbecher-300ml-san\/\"]}]},{\"@type\":\"ImageObject\",\"inLanguage\":\"en-US\",\"@id\":\"https:\/\/cupworld.at\/produkt\/trinkbecher-300ml-san\/#primaryimage\",\"url\":\"https:\/\/cupworld.at\/wp-content\/uploads\/2020\/11\/CUP-Premium-Trinkglas-300ml-SAN.jpg\",\"contentUrl\":\"https:\/\/cupworld.at\/wp-content\/uploads\/2020\/11\/CUP-Premium-Trinkglas-300ml-SAN.jpg\",\"width\":1000,\"height\":1000,\"caption\":\"Trinkbecher 300 ml aus SAN\"},{\"@type\":\"BreadcrumbList\",\"@id\":\"https:\/\/cupworld.at\/produkt\/trinkbecher-300ml-san\/#breadcrumb\",\"itemListElement\":[{\"@type\":\"ListItem\",\"position\":1,\"name\":\"Startseite\",\"item\":\"https:\/\/cupworld.at\/en\/\"},{\"@type\":\"ListItem\",\"position\":2,\"name\":\"Mehrwegbecher kaufen\",\"item\":\"https:\/\/cupworld.at\/mehrwegbecher-kaufen\/\"},{\"@type\":\"ListItem\",\"position\":3,\"name\":\"CUP Premium Trinkbecher 0,3 SAN\"}]},{\"@type\":\"WebSite\",\"@id\":\"https:\/\/cupworld.at\/#website\",\"url\":\"https:\/\/cupworld.at\/\",\"name\":\"CupWorld\",\"description\":\"\",\"potentialAction\":[{\"@type\":\"SearchAction\",\"target\":{\"@type\":\"EntryPoint\",\"urlTemplate\":\"https:\/\/cupworld.at\/?s={search_term_string}\"},\"query-input\":\"required name=search_term_string\"}],\"inLanguage\":\"en-US\"}]}<\/script>\n<!-- \/ Yoast SEO plugin. -->","yoast_head_json":{"title":"Trinkbecher 0,3 l aus bruchfestem SAN online kaufen","description":"Trinkbecher 0,3 l \u2714\ufe0f SAN \u2714\ufe0f teilgefrostet \u2714\ufe0f BPA-frei \u2714\ufe0f bruchsicher \u2714\ufe0f sp\u00fclmaschinenfest \u2714\ufe0f recycelbar \u2714\ufe0f vielseitig verwendbar","robots":{"index":"index","follow":"follow","max-snippet":"max-snippet:-1","max-image-preview":"max-image-preview:large","max-video-preview":"max-video-preview:-1"},"canonical":"https:\/\/cupworld.at\/produkt\/trinkbecher-300ml-san\/","og_locale":"en_US","og_type":"article","og_title":"Trinkbecher 0,3 l aus bruchfestem SAN online kaufen","og_description":"Trinkbecher 0,3 l \u2714\ufe0f SAN \u2714\ufe0f teilgefrostet \u2714\ufe0f BPA-frei \u2714\ufe0f bruchsicher \u2714\ufe0f sp\u00fclmaschinenfest \u2714\ufe0f recycelbar \u2714\ufe0f vielseitig verwendbar","og_url":"https:\/\/cupworld.at\/produkt\/trinkbecher-300ml-san\/","og_site_name":"CupWorld","article_modified_time":"2022-09-14T06:36:02+00:00","og_image":[{"width":1000,"height":1000,"url":"https:\/\/cupworld.at\/wp-content\/uploads\/2020\/11\/CUP-Premium-Trinkglas-300ml-SAN.jpg","type":"image\/jpeg"}],"twitter_card":"summary_large_image","twitter_misc":{"Est. reading time":"1 minute"},"schema":{"@context":"https:\/\/schema.org","@graph":[{"@type":"WebPage","@id":"https:\/\/cupworld.at\/produkt\/trinkbecher-300ml-san\/","url":"https:\/\/cupworld.at\/produkt\/trinkbecher-300ml-san\/","name":"Trinkbecher 0,3 l aus bruchfestem SAN online kaufen","isPartOf":{"@id":"https:\/\/cupworld.at\/#website"},"primaryImageOfPage":{"@id":"https:\/\/cupworld.at\/produkt\/trinkbecher-300ml-san\/#primaryimage"},"image":{"@id":"https:\/\/cupworld.at\/produkt\/trinkbecher-300ml-san\/#primaryimage"},"thumbnailUrl":"https:\/\/cupworld.at\/wp-content\/uploads\/2020\/11\/CUP-Premium-Trinkglas-300ml-SAN.jpg","datePublished":"2020-11-10T14:08:54+00:00","dateModified":"2022-09-14T06:36:02+00:00","description":"Trinkbecher 0,3 l \u2714\ufe0f SAN \u2714\ufe0f teilgefrostet \u2714\ufe0f BPA-frei \u2714\ufe0f bruchsicher \u2714\ufe0f sp\u00fclmaschinenfest \u2714\ufe0f recycelbar \u2714\ufe0f vielseitig verwendbar","breadcrumb":{"@id":"https:\/\/cupworld.at\/produkt\/trinkbecher-300ml-san\/#breadcrumb"},"inLanguage":"en-US","potentialAction":[{"@type":"ReadAction","target":["https:\/\/cupworld.at\/produkt\/trinkbecher-300ml-san\/"]}]},{"@type":"ImageObject","inLanguage":"en-US","@id":"https:\/\/cupworld.at\/produkt\/trinkbecher-300ml-san\/#primaryimage","url":"https:\/\/cupworld.at\/wp-content\/uploads\/2020\/11\/CUP-Premium-Trinkglas-300ml-SAN.jpg","contentUrl":"https:\/\/cupworld.at\/wp-content\/uploads\/2020\/11\/CUP-Premium-Trinkglas-300ml-SAN.jpg","width":1000,"height":1000,"caption":"Trinkbecher 300 ml aus SAN"},{"@type":"BreadcrumbList","@id":"https:\/\/cupworld.at\/produkt\/trinkbecher-300ml-san\/#breadcrumb","itemListElement":[{"@type":"ListItem","position":1,"name":"Startseite","item":"https:\/\/cupworld.at\/en\/"},{"@type":"ListItem","position":2,"name":"Mehrwegbecher kaufen","item":"https:\/\/cupworld.at\/mehrwegbecher-kaufen\/"},{"@type":"ListItem","position":3,"name":"CUP Premium Trinkbecher 0,3 SAN"}]},{"@type":"WebSite","@id":"https:\/\/cupworld.at\/#website","url":"https:\/\/cupworld.at\/","name":"CupWorld","description":"","potentialAction":[{"@type":"SearchAction","target":{"@type":"EntryPoint","urlTemplate":"https:\/\/cupworld.at\/?s={search_term_string}"},"query-input":"required name=search_term_string"}],"inLanguage":"en-US"}]}},"tiered_pricing_type":"fixed","tiered_pricing_fixed_rules":{"616":"1.05","1232":"0.94"},"_links":{"self":[{"href":"https:\/\/cupworld.at\/en\/wp-json\/wp\/v2\/product\/1240"}],"collection":[{"href":"https:\/\/cupworld.at\/en\/wp-json\/wp\/v2\/product"}],"about":[{"href":"https:\/\/cupworld.at\/en\/wp-json\/wp\/v2\/types\/product"}],"wp:featuredmedia":[{"embeddable":true,"href":"https:\/\/cupworld.at\/en\/wp-json\/wp\/v2\/media\/1282"}],"wp:attachment":[{"href":"https:\/\/cupworld.at\/en\/wp-json\/wp\/v2\/media?parent=1240"}],"wp:term":[{"taxonomy":"product_cat","embeddable":true,"href":"https:\/\/cupworld.at\/en\/wp-json\/wp\/v2\/product_cat?post=1240"},{"taxonomy":"product_tag","embeddable":true,"href":"https:\/\/cupworld.at\/en\/wp-json\/wp\/v2\/product_tag?post=1240"}],"curies":[{"name":"wp","href":"https:\/\/api.w.org\/{rel}","templated":true}]}}