{"id":1258,"date":"2020-11-10T15:42:19","date_gmt":"2020-11-10T15:42:19","guid":{"rendered":"https:\/\/cupworld.at\/new\/?post_type=product&#038;p=1258"},"modified":"2022-09-14T06:35:02","modified_gmt":"2022-09-14T06:35:02","slug":"trinkbecher-400ml-san","status":"publish","type":"product","link":"https:\/\/cupworld.at\/en\/produkt\/trinkbecher-400ml-san\/","title":{"rendered":"CUP Premium Trinkbecher 0,4 SAN"},"content":{"rendered":"<p>Unser CUP Premium Trinkbecher 0,4 Liter aus Styrol Acrylnitril (SAN) ist BPA-frei, teilgefrostet und vielf\u00e4ltig zu verwenden: als Saftglas, Wasserglas, Longdrinkglas und Cocktailglas sowie f\u00fcr Mischgetr\u00e4nke.<\/p>\n<p>Da der CUP Premium Trinkbecher bruchfest ist kann er bedenkenlos im Garten, am Pool oder Strand, im Wellness-Bereich, in Bars, Clubs und Discotheken, in Krankenh\u00e4usern, Altenheimen, Pflegeheimen, auf Zeltfesten, Feiern und Veranstaltungen eingesetzt werden.<span class=\"Apple-converted-space\">\u00a0<\/span><\/p>\n<p>Der Mehrweg Trinkbecher ist bruchsicher, sp\u00fclmaschinenfest, stapelbar, lebensmittelecht, bedruckbar, standfest, recycelbar, gut im Griff und aufgrund des geringeren Gewichts viel leichter und sicherer zu transportieren als Glas. F\u00fcllstrich bei 0,4 l. Durch die Teilfrostung bleibt der Inhalt optisch l\u00e4nger frisch und auch rutschfester.<\/p>\n","protected":false},"excerpt":{"rendered":"<p>Mehrweg-Trinkbecher 0,4 Liter aus SAN. Stapelbar, mit F\u00fcllstrich, BPA-frei.<\/p>\n","protected":false},"featured_media":1279,"template":"","meta":[],"product_cat":[71,118],"product_tag":[146,152,167],"yoast_head":"<!-- This site is optimized with the Yoast SEO plugin v23.1 - https:\/\/yoast.com\/wordpress\/plugins\/seo\/ -->\n<title>Trinkbecher 400 ml aus SAN \u2013 das Multitalent f\u00fcr Getr\u00e4nke<\/title>\n<meta name=\"description\" content=\"Trinkbecher 0,4 l \u2022 SAN \u2022 bruchfest \u2022 BPA-frei \u2022 lebensmittelecht \u2022 sp\u00fclmaschinengeeignet \u2022 recyclingf\u00e4hig \u2022 vielf\u00e4ltig einsetzbar\" \/>\n<meta name=\"robots\" content=\"index, follow, max-snippet:-1, max-image-preview:large, max-video-preview:-1\" \/>\n<link rel=\"canonical\" href=\"https:\/\/cupworld.at\/produkt\/trinkbecher-400ml-san\/\" \/>\n<meta property=\"og:locale\" content=\"en_US\" \/>\n<meta property=\"og:type\" content=\"article\" \/>\n<meta property=\"og:title\" content=\"Trinkbecher 400 ml aus SAN \u2013 das Multitalent f\u00fcr Getr\u00e4nke\" \/>\n<meta property=\"og:description\" content=\"Trinkbecher 0,4 l \u2022 SAN \u2022 bruchfest \u2022 BPA-frei \u2022 lebensmittelecht \u2022 sp\u00fclmaschinengeeignet \u2022 recyclingf\u00e4hig \u2022 vielf\u00e4ltig einsetzbar\" \/>\n<meta property=\"og:url\" content=\"https:\/\/cupworld.at\/produkt\/trinkbecher-400ml-san\/\" \/>\n<meta property=\"og:site_name\" content=\"CupWorld\" \/>\n<meta property=\"article:modified_time\" content=\"2022-09-14T06:35:02+00:00\" \/>\n<meta property=\"og:image\" content=\"https:\/\/cupworld.at\/wp-content\/uploads\/2020\/11\/CUP-Premium-Trinkglas-400ml-SAN.jpg\" \/>\n\t<meta property=\"og:image:width\" content=\"1000\" \/>\n\t<meta property=\"og:image:height\" content=\"1000\" \/>\n\t<meta property=\"og:image:type\" content=\"image\/jpeg\" \/>\n<meta name=\"twitter:card\" content=\"summary_large_image\" \/>\n<meta name=\"twitter:label1\" content=\"Est. reading time\" \/>\n\t<meta name=\"twitter:data1\" content=\"1 minute\" \/>\n<script type=\"application\/ld+json\" class=\"yoast-schema-graph\">{\"@context\":\"https:\/\/schema.org\",\"@graph\":[{\"@type\":\"WebPage\",\"@id\":\"https:\/\/cupworld.at\/produkt\/trinkbecher-400ml-san\/\",\"url\":\"https:\/\/cupworld.at\/produkt\/trinkbecher-400ml-san\/\",\"name\":\"Trinkbecher 400 ml aus SAN \u2013 das Multitalent f\u00fcr Getr\u00e4nke\",\"isPartOf\":{\"@id\":\"https:\/\/cupworld.at\/#website\"},\"primaryImageOfPage\":{\"@id\":\"https:\/\/cupworld.at\/produkt\/trinkbecher-400ml-san\/#primaryimage\"},\"image\":{\"@id\":\"https:\/\/cupworld.at\/produkt\/trinkbecher-400ml-san\/#primaryimage\"},\"thumbnailUrl\":\"https:\/\/cupworld.at\/wp-content\/uploads\/2020\/11\/CUP-Premium-Trinkglas-400ml-SAN.jpg\",\"datePublished\":\"2020-11-10T15:42:19+00:00\",\"dateModified\":\"2022-09-14T06:35:02+00:00\",\"description\":\"Trinkbecher 0,4 l \u2022 SAN \u2022 bruchfest \u2022 BPA-frei \u2022 lebensmittelecht \u2022 sp\u00fclmaschinengeeignet \u2022 recyclingf\u00e4hig \u2022 vielf\u00e4ltig einsetzbar\",\"breadcrumb\":{\"@id\":\"https:\/\/cupworld.at\/produkt\/trinkbecher-400ml-san\/#breadcrumb\"},\"inLanguage\":\"en-US\",\"potentialAction\":[{\"@type\":\"ReadAction\",\"target\":[\"https:\/\/cupworld.at\/produkt\/trinkbecher-400ml-san\/\"]}]},{\"@type\":\"ImageObject\",\"inLanguage\":\"en-US\",\"@id\":\"https:\/\/cupworld.at\/produkt\/trinkbecher-400ml-san\/#primaryimage\",\"url\":\"https:\/\/cupworld.at\/wp-content\/uploads\/2020\/11\/CUP-Premium-Trinkglas-400ml-SAN.jpg\",\"contentUrl\":\"https:\/\/cupworld.at\/wp-content\/uploads\/2020\/11\/CUP-Premium-Trinkglas-400ml-SAN.jpg\",\"width\":1000,\"height\":1000,\"caption\":\"Trinkbecher 400 ml aus SAN\"},{\"@type\":\"BreadcrumbList\",\"@id\":\"https:\/\/cupworld.at\/produkt\/trinkbecher-400ml-san\/#breadcrumb\",\"itemListElement\":[{\"@type\":\"ListItem\",\"position\":1,\"name\":\"Startseite\",\"item\":\"https:\/\/cupworld.at\/en\/\"},{\"@type\":\"ListItem\",\"position\":2,\"name\":\"Mehrwegbecher kaufen\",\"item\":\"https:\/\/cupworld.at\/mehrwegbecher-kaufen\/\"},{\"@type\":\"ListItem\",\"position\":3,\"name\":\"CUP Premium Trinkbecher 0,4 SAN\"}]},{\"@type\":\"WebSite\",\"@id\":\"https:\/\/cupworld.at\/#website\",\"url\":\"https:\/\/cupworld.at\/\",\"name\":\"CupWorld\",\"description\":\"\",\"potentialAction\":[{\"@type\":\"SearchAction\",\"target\":{\"@type\":\"EntryPoint\",\"urlTemplate\":\"https:\/\/cupworld.at\/?s={search_term_string}\"},\"query-input\":\"required name=search_term_string\"}],\"inLanguage\":\"en-US\"}]}<\/script>\n<!-- \/ Yoast SEO plugin. -->","yoast_head_json":{"title":"Trinkbecher 400 ml aus SAN \u2013 das Multitalent f\u00fcr Getr\u00e4nke","description":"Trinkbecher 0,4 l \u2022 SAN \u2022 bruchfest \u2022 BPA-frei \u2022 lebensmittelecht \u2022 sp\u00fclmaschinengeeignet \u2022 recyclingf\u00e4hig \u2022 vielf\u00e4ltig einsetzbar","robots":{"index":"index","follow":"follow","max-snippet":"max-snippet:-1","max-image-preview":"max-image-preview:large","max-video-preview":"max-video-preview:-1"},"canonical":"https:\/\/cupworld.at\/produkt\/trinkbecher-400ml-san\/","og_locale":"en_US","og_type":"article","og_title":"Trinkbecher 400 ml aus SAN \u2013 das Multitalent f\u00fcr Getr\u00e4nke","og_description":"Trinkbecher 0,4 l \u2022 SAN \u2022 bruchfest \u2022 BPA-frei \u2022 lebensmittelecht \u2022 sp\u00fclmaschinengeeignet \u2022 recyclingf\u00e4hig \u2022 vielf\u00e4ltig einsetzbar","og_url":"https:\/\/cupworld.at\/produkt\/trinkbecher-400ml-san\/","og_site_name":"CupWorld","article_modified_time":"2022-09-14T06:35:02+00:00","og_image":[{"width":1000,"height":1000,"url":"https:\/\/cupworld.at\/wp-content\/uploads\/2020\/11\/CUP-Premium-Trinkglas-400ml-SAN.jpg","type":"image\/jpeg"}],"twitter_card":"summary_large_image","twitter_misc":{"Est. reading time":"1 minute"},"schema":{"@context":"https:\/\/schema.org","@graph":[{"@type":"WebPage","@id":"https:\/\/cupworld.at\/produkt\/trinkbecher-400ml-san\/","url":"https:\/\/cupworld.at\/produkt\/trinkbecher-400ml-san\/","name":"Trinkbecher 400 ml aus SAN \u2013 das Multitalent f\u00fcr Getr\u00e4nke","isPartOf":{"@id":"https:\/\/cupworld.at\/#website"},"primaryImageOfPage":{"@id":"https:\/\/cupworld.at\/produkt\/trinkbecher-400ml-san\/#primaryimage"},"image":{"@id":"https:\/\/cupworld.at\/produkt\/trinkbecher-400ml-san\/#primaryimage"},"thumbnailUrl":"https:\/\/cupworld.at\/wp-content\/uploads\/2020\/11\/CUP-Premium-Trinkglas-400ml-SAN.jpg","datePublished":"2020-11-10T15:42:19+00:00","dateModified":"2022-09-14T06:35:02+00:00","description":"Trinkbecher 0,4 l \u2022 SAN \u2022 bruchfest \u2022 BPA-frei \u2022 lebensmittelecht \u2022 sp\u00fclmaschinengeeignet \u2022 recyclingf\u00e4hig \u2022 vielf\u00e4ltig einsetzbar","breadcrumb":{"@id":"https:\/\/cupworld.at\/produkt\/trinkbecher-400ml-san\/#breadcrumb"},"inLanguage":"en-US","potentialAction":[{"@type":"ReadAction","target":["https:\/\/cupworld.at\/produkt\/trinkbecher-400ml-san\/"]}]},{"@type":"ImageObject","inLanguage":"en-US","@id":"https:\/\/cupworld.at\/produkt\/trinkbecher-400ml-san\/#primaryimage","url":"https:\/\/cupworld.at\/wp-content\/uploads\/2020\/11\/CUP-Premium-Trinkglas-400ml-SAN.jpg","contentUrl":"https:\/\/cupworld.at\/wp-content\/uploads\/2020\/11\/CUP-Premium-Trinkglas-400ml-SAN.jpg","width":1000,"height":1000,"caption":"Trinkbecher 400 ml aus SAN"},{"@type":"BreadcrumbList","@id":"https:\/\/cupworld.at\/produkt\/trinkbecher-400ml-san\/#breadcrumb","itemListElement":[{"@type":"ListItem","position":1,"name":"Startseite","item":"https:\/\/cupworld.at\/en\/"},{"@type":"ListItem","position":2,"name":"Mehrwegbecher kaufen","item":"https:\/\/cupworld.at\/mehrwegbecher-kaufen\/"},{"@type":"ListItem","position":3,"name":"CUP Premium Trinkbecher 0,4 SAN"}]},{"@type":"WebSite","@id":"https:\/\/cupworld.at\/#website","url":"https:\/\/cupworld.at\/","name":"CupWorld","description":"","potentialAction":[{"@type":"SearchAction","target":{"@type":"EntryPoint","urlTemplate":"https:\/\/cupworld.at\/?s={search_term_string}"},"query-input":"required name=search_term_string"}],"inLanguage":"en-US"}]}},"tiered_pricing_type":"fixed","tiered_pricing_fixed_rules":{"432":"1.05","1080":"0.96"},"_links":{"self":[{"href":"https:\/\/cupworld.at\/en\/wp-json\/wp\/v2\/product\/1258"}],"collection":[{"href":"https:\/\/cupworld.at\/en\/wp-json\/wp\/v2\/product"}],"about":[{"href":"https:\/\/cupworld.at\/en\/wp-json\/wp\/v2\/types\/product"}],"wp:featuredmedia":[{"embeddable":true,"href":"https:\/\/cupworld.at\/en\/wp-json\/wp\/v2\/media\/1279"}],"wp:attachment":[{"href":"https:\/\/cupworld.at\/en\/wp-json\/wp\/v2\/media?parent=1258"}],"wp:term":[{"taxonomy":"product_cat","embeddable":true,"href":"https:\/\/cupworld.at\/en\/wp-json\/wp\/v2\/product_cat?post=1258"},{"taxonomy":"product_tag","embeddable":true,"href":"https:\/\/cupworld.at\/en\/wp-json\/wp\/v2\/product_tag?post=1258"}],"curies":[{"name":"wp","href":"https:\/\/api.w.org\/{rel}","templated":true}]}}