{"id":2143,"date":"2021-05-13T16:04:37","date_gmt":"2021-05-13T16:04:37","guid":{"rendered":"https:\/\/cupworld.at\/?post_type=product&#038;p=2143"},"modified":"2021-05-19T07:14:44","modified_gmt":"2021-05-19T07:14:44","slug":"coffee-to-go-becher-250ml-weiss","status":"publish","type":"product","link":"https:\/\/cupworld.at\/en\/produkt\/coffee-to-go-becher-250ml-weiss\/","title":{"rendered":"CUP Coffee to go 250 ml wei\u00df"},"content":{"rendered":"<p>Der wiederverwendbare CUP Coffee to go 250 ml in wei\u00df aus Polypropylen (PP) ist nicht nur f\u00fcr Kaffee super, sondern auch f\u00fcr Punsch, Kakao, Gl\u00fchwein und Tee ebenso wie f\u00fcr Kaltgetr\u00e4nke.<\/p>\n<p>Der wei\u00dfe Mehrweg Coffee to go Becher 250 ml ist extrem stabil, liegt gut in der Hand und hat eine ungef\u00e4hre Lebensdauer von 1.000 Sp\u00fclg\u00e4ngen im Industriesp\u00fcler. Au\u00dfen hat der Kaffeebecher eine samtige Oberfl\u00e4che, was ihm eine hochwertige Optik verleiht, die Innenfl\u00e4che ist poliert.<\/p>\n<p>Weitere Eigenschaften des Coffee to go Bechers 250 ml wei\u00df: einfarbig bedruckbar, bruchsicher, mikrowellentauglich, sp\u00fclmaschinenfest, stapelbar, kein Weichmacher (BPA-frei), kein Silikon oder Melaminharz, geruchsneutral, geschmacksneutral, resistent gegen Kratzer.<\/p>\n<p>Die Gr\u00f6\u00dfe des Coffee to go Mehrwegbechers ist f\u00fcr alle g\u00e4ngigen Kaffee- und Vendingautomaten passend.<\/p>\n","protected":false},"excerpt":{"rendered":"<p>Wei\u00dfer Coffee to go Mehrwegbecher 250 ml aus Polypropylen, einfarbig bedruckbar.<\/p>\n","protected":false},"featured_media":2128,"template":"","meta":[],"product_cat":[18],"product_tag":[167],"yoast_head":"<!-- This site is optimized with the Yoast SEO plugin v23.1 - https:\/\/yoast.com\/wordpress\/plugins\/seo\/ -->\n<title>Coffee to go Mehrwegbecher 250 ml wei\u00df aus PP<\/title>\n<meta name=\"description\" content=\"Wei\u00dfer Mehrweg Coffee to go Becher 250 ml aus Polypropylen \u2022 einfarbig bedruckbar \u2022 stapelbar \u2022 geruchs- &amp; geschmacksneutral\" \/>\n<meta name=\"robots\" content=\"index, follow, max-snippet:-1, max-image-preview:large, max-video-preview:-1\" \/>\n<link rel=\"canonical\" href=\"https:\/\/cupworld.at\/produkt\/coffee-to-go-becher-250ml-weiss\/\" \/>\n<meta property=\"og:locale\" content=\"en_US\" \/>\n<meta property=\"og:type\" content=\"article\" \/>\n<meta property=\"og:title\" content=\"Coffee to go Mehrwegbecher 250 ml wei\u00df aus PP\" \/>\n<meta property=\"og:description\" content=\"Wei\u00dfer Mehrweg Coffee to go Becher 250 ml aus Polypropylen \u2022 einfarbig bedruckbar \u2022 stapelbar \u2022 geruchs- &amp; geschmacksneutral\" \/>\n<meta property=\"og:url\" content=\"https:\/\/cupworld.at\/produkt\/coffee-to-go-becher-250ml-weiss\/\" \/>\n<meta property=\"og:site_name\" content=\"CupWorld\" \/>\n<meta property=\"article:modified_time\" content=\"2021-05-19T07:14:44+00:00\" \/>\n<meta property=\"og:image\" content=\"https:\/\/cupworld.at\/wp-content\/uploads\/2021\/05\/CUP-Coffee-to-go-250ml-weiss.png\" \/>\n\t<meta property=\"og:image:width\" content=\"1000\" \/>\n\t<meta property=\"og:image:height\" content=\"1000\" \/>\n\t<meta property=\"og:image:type\" content=\"image\/png\" \/>\n<meta name=\"twitter:card\" content=\"summary_large_image\" \/>\n<meta name=\"twitter:label1\" content=\"Est. reading time\" \/>\n\t<meta name=\"twitter:data1\" content=\"1 minute\" \/>\n<script type=\"application\/ld+json\" class=\"yoast-schema-graph\">{\"@context\":\"https:\/\/schema.org\",\"@graph\":[{\"@type\":\"WebPage\",\"@id\":\"https:\/\/cupworld.at\/produkt\/coffee-to-go-becher-250ml-weiss\/\",\"url\":\"https:\/\/cupworld.at\/produkt\/coffee-to-go-becher-250ml-weiss\/\",\"name\":\"Coffee to go Mehrwegbecher 250 ml wei\u00df aus PP\",\"isPartOf\":{\"@id\":\"https:\/\/cupworld.at\/#website\"},\"primaryImageOfPage\":{\"@id\":\"https:\/\/cupworld.at\/produkt\/coffee-to-go-becher-250ml-weiss\/#primaryimage\"},\"image\":{\"@id\":\"https:\/\/cupworld.at\/produkt\/coffee-to-go-becher-250ml-weiss\/#primaryimage\"},\"thumbnailUrl\":\"https:\/\/cupworld.at\/wp-content\/uploads\/2021\/05\/CUP-Coffee-to-go-250ml-weiss.png\",\"datePublished\":\"2021-05-13T16:04:37+00:00\",\"dateModified\":\"2021-05-19T07:14:44+00:00\",\"description\":\"Wei\u00dfer Mehrweg Coffee to go Becher 250 ml aus Polypropylen \u2022 einfarbig bedruckbar \u2022 stapelbar \u2022 geruchs- & geschmacksneutral\",\"breadcrumb\":{\"@id\":\"https:\/\/cupworld.at\/produkt\/coffee-to-go-becher-250ml-weiss\/#breadcrumb\"},\"inLanguage\":\"en-US\",\"potentialAction\":[{\"@type\":\"ReadAction\",\"target\":[\"https:\/\/cupworld.at\/produkt\/coffee-to-go-becher-250ml-weiss\/\"]}]},{\"@type\":\"ImageObject\",\"inLanguage\":\"en-US\",\"@id\":\"https:\/\/cupworld.at\/produkt\/coffee-to-go-becher-250ml-weiss\/#primaryimage\",\"url\":\"https:\/\/cupworld.at\/wp-content\/uploads\/2021\/05\/CUP-Coffee-to-go-250ml-weiss.png\",\"contentUrl\":\"https:\/\/cupworld.at\/wp-content\/uploads\/2021\/05\/CUP-Coffee-to-go-250ml-weiss.png\",\"width\":1000,\"height\":1000,\"caption\":\"Wiederverwendbarer Coffee to go Becher 250 ml in wei\u00df\"},{\"@type\":\"BreadcrumbList\",\"@id\":\"https:\/\/cupworld.at\/produkt\/coffee-to-go-becher-250ml-weiss\/#breadcrumb\",\"itemListElement\":[{\"@type\":\"ListItem\",\"position\":1,\"name\":\"Startseite\",\"item\":\"https:\/\/cupworld.at\/en\/\"},{\"@type\":\"ListItem\",\"position\":2,\"name\":\"Mehrwegbecher kaufen\",\"item\":\"https:\/\/cupworld.at\/mehrwegbecher-kaufen\/\"},{\"@type\":\"ListItem\",\"position\":3,\"name\":\"CUP Coffee to go 250 ml wei\u00df\"}]},{\"@type\":\"WebSite\",\"@id\":\"https:\/\/cupworld.at\/#website\",\"url\":\"https:\/\/cupworld.at\/\",\"name\":\"CupWorld\",\"description\":\"\",\"potentialAction\":[{\"@type\":\"SearchAction\",\"target\":{\"@type\":\"EntryPoint\",\"urlTemplate\":\"https:\/\/cupworld.at\/?s={search_term_string}\"},\"query-input\":\"required name=search_term_string\"}],\"inLanguage\":\"en-US\"}]}<\/script>\n<!-- \/ Yoast SEO plugin. -->","yoast_head_json":{"title":"Coffee to go Mehrwegbecher 250 ml wei\u00df aus PP","description":"Wei\u00dfer Mehrweg Coffee to go Becher 250 ml aus Polypropylen \u2022 einfarbig bedruckbar \u2022 stapelbar \u2022 geruchs- & geschmacksneutral","robots":{"index":"index","follow":"follow","max-snippet":"max-snippet:-1","max-image-preview":"max-image-preview:large","max-video-preview":"max-video-preview:-1"},"canonical":"https:\/\/cupworld.at\/produkt\/coffee-to-go-becher-250ml-weiss\/","og_locale":"en_US","og_type":"article","og_title":"Coffee to go Mehrwegbecher 250 ml wei\u00df aus PP","og_description":"Wei\u00dfer Mehrweg Coffee to go Becher 250 ml aus Polypropylen \u2022 einfarbig bedruckbar \u2022 stapelbar \u2022 geruchs- & geschmacksneutral","og_url":"https:\/\/cupworld.at\/produkt\/coffee-to-go-becher-250ml-weiss\/","og_site_name":"CupWorld","article_modified_time":"2021-05-19T07:14:44+00:00","og_image":[{"width":1000,"height":1000,"url":"https:\/\/cupworld.at\/wp-content\/uploads\/2021\/05\/CUP-Coffee-to-go-250ml-weiss.png","type":"image\/png"}],"twitter_card":"summary_large_image","twitter_misc":{"Est. reading time":"1 minute"},"schema":{"@context":"https:\/\/schema.org","@graph":[{"@type":"WebPage","@id":"https:\/\/cupworld.at\/produkt\/coffee-to-go-becher-250ml-weiss\/","url":"https:\/\/cupworld.at\/produkt\/coffee-to-go-becher-250ml-weiss\/","name":"Coffee to go Mehrwegbecher 250 ml wei\u00df aus PP","isPartOf":{"@id":"https:\/\/cupworld.at\/#website"},"primaryImageOfPage":{"@id":"https:\/\/cupworld.at\/produkt\/coffee-to-go-becher-250ml-weiss\/#primaryimage"},"image":{"@id":"https:\/\/cupworld.at\/produkt\/coffee-to-go-becher-250ml-weiss\/#primaryimage"},"thumbnailUrl":"https:\/\/cupworld.at\/wp-content\/uploads\/2021\/05\/CUP-Coffee-to-go-250ml-weiss.png","datePublished":"2021-05-13T16:04:37+00:00","dateModified":"2021-05-19T07:14:44+00:00","description":"Wei\u00dfer Mehrweg Coffee to go Becher 250 ml aus Polypropylen \u2022 einfarbig bedruckbar \u2022 stapelbar \u2022 geruchs- & geschmacksneutral","breadcrumb":{"@id":"https:\/\/cupworld.at\/produkt\/coffee-to-go-becher-250ml-weiss\/#breadcrumb"},"inLanguage":"en-US","potentialAction":[{"@type":"ReadAction","target":["https:\/\/cupworld.at\/produkt\/coffee-to-go-becher-250ml-weiss\/"]}]},{"@type":"ImageObject","inLanguage":"en-US","@id":"https:\/\/cupworld.at\/produkt\/coffee-to-go-becher-250ml-weiss\/#primaryimage","url":"https:\/\/cupworld.at\/wp-content\/uploads\/2021\/05\/CUP-Coffee-to-go-250ml-weiss.png","contentUrl":"https:\/\/cupworld.at\/wp-content\/uploads\/2021\/05\/CUP-Coffee-to-go-250ml-weiss.png","width":1000,"height":1000,"caption":"Wiederverwendbarer Coffee to go Becher 250 ml in wei\u00df"},{"@type":"BreadcrumbList","@id":"https:\/\/cupworld.at\/produkt\/coffee-to-go-becher-250ml-weiss\/#breadcrumb","itemListElement":[{"@type":"ListItem","position":1,"name":"Startseite","item":"https:\/\/cupworld.at\/en\/"},{"@type":"ListItem","position":2,"name":"Mehrwegbecher kaufen","item":"https:\/\/cupworld.at\/mehrwegbecher-kaufen\/"},{"@type":"ListItem","position":3,"name":"CUP Coffee to go 250 ml wei\u00df"}]},{"@type":"WebSite","@id":"https:\/\/cupworld.at\/#website","url":"https:\/\/cupworld.at\/","name":"CupWorld","description":"","potentialAction":[{"@type":"SearchAction","target":{"@type":"EntryPoint","urlTemplate":"https:\/\/cupworld.at\/?s={search_term_string}"},"query-input":"required name=search_term_string"}],"inLanguage":"en-US"}]}},"tiered_pricing_type":"fixed","tiered_pricing_fixed_rules":{"630":"0.90","1260":"0.88"},"_links":{"self":[{"href":"https:\/\/cupworld.at\/en\/wp-json\/wp\/v2\/product\/2143"}],"collection":[{"href":"https:\/\/cupworld.at\/en\/wp-json\/wp\/v2\/product"}],"about":[{"href":"https:\/\/cupworld.at\/en\/wp-json\/wp\/v2\/types\/product"}],"wp:featuredmedia":[{"embeddable":true,"href":"https:\/\/cupworld.at\/en\/wp-json\/wp\/v2\/media\/2128"}],"wp:attachment":[{"href":"https:\/\/cupworld.at\/en\/wp-json\/wp\/v2\/media?parent=2143"}],"wp:term":[{"taxonomy":"product_cat","embeddable":true,"href":"https:\/\/cupworld.at\/en\/wp-json\/wp\/v2\/product_cat?post=2143"},{"taxonomy":"product_tag","embeddable":true,"href":"https:\/\/cupworld.at\/en\/wp-json\/wp\/v2\/product_tag?post=2143"}],"curies":[{"name":"wp","href":"https:\/\/api.w.org\/{rel}","templated":true}]}}