{"id":2148,"date":"2021-05-13T16:41:41","date_gmt":"2021-05-13T16:41:41","guid":{"rendered":"https:\/\/cupworld.at\/?post_type=product&#038;p=2148"},"modified":"2021-05-19T07:14:35","modified_gmt":"2021-05-19T07:14:35","slug":"coffee-to-go-250ml-sandstein","status":"publish","type":"product","link":"https:\/\/cupworld.at\/en\/produkt\/coffee-to-go-250ml-sandstein\/","title":{"rendered":"CUP Coffee to go 250 ml sandstein"},"content":{"rendered":"<p>Unser wiederverwendbarer CUP Coffee to go 250 ml in sandstein aus Polypropylen (PP) wird nicht nur gerne f\u00fcr Kaffee verwendet, sondern auch f\u00fcr Tee, Punsch, Gl\u00fchwein, Kakao und diverse Kaltgetr\u00e4nke.<\/p>\n<p>Der sandsteinfarbene Coffee to go Mehrwegbecher 250 ml ist extrem stabil, hat eine ungef\u00e4hre Lebensdauer von 1.000 Sp\u00fclg\u00e4ngen im Industriesp\u00fcler und liegt optimal in der Hand. Die hochwertige Optik verdankt der Kaffeebecher der samtigen Oberfl\u00e4che au\u00dfen, die Innenfl\u00e4che ist poliert.<\/p>\n<p>Weitere Eigenschaften des Coffee to go Bechers 250 ml sandstein: einfarbig bedruckbar, kratzresistent, bruchfest, f\u00fcr die Mikrowelle geeignet, geruchs- und geschmacksneutral, sp\u00fclmaschinenfest, stapelbar, ohne Weichmacher (BPA-frei), kein Silikon oder Melaminharz.<\/p>\n<p>Die Gr\u00f6\u00dfe des Coffee to go Mehrwegbechers ist f\u00fcr alle g\u00e4ngigen Kaffee- und Vendingautomaten passend.<\/p>\n","protected":false},"excerpt":{"rendered":"<p>Coffee to go Mehrwegbecher 250 ml in sandsteinfarben aus Polypropylen (PP).<\/p>\n","protected":false},"featured_media":2122,"template":"","meta":[],"product_cat":[18],"product_tag":[174],"yoast_head":"<!-- This site is optimized with the Yoast SEO plugin v23.1 - https:\/\/yoast.com\/wordpress\/plugins\/seo\/ -->\n<title>Coffee to go Becher 250 ml aus PP sandsteinfarben<\/title>\n<meta name=\"description\" content=\"Sandsteinfarbener Mehrweg Coffee to go Becher 250 ml \u2022 bruchfest \u2022 stapelbar \u2022 BPA-frei \u2022 passend f\u00fcr alle g\u00e4ngigen Automaten\" \/>\n<meta name=\"robots\" content=\"index, follow, max-snippet:-1, max-image-preview:large, max-video-preview:-1\" \/>\n<link rel=\"canonical\" href=\"https:\/\/cupworld.at\/en\/produkt\/coffee-to-go-250ml-sandstein\/\" \/>\n<meta property=\"og:locale\" content=\"en_US\" \/>\n<meta property=\"og:type\" content=\"article\" \/>\n<meta property=\"og:title\" content=\"Coffee to go Becher 250 ml aus PP sandsteinfarben\" \/>\n<meta property=\"og:description\" content=\"Sandsteinfarbener Mehrweg Coffee to go Becher 250 ml \u2022 bruchfest \u2022 stapelbar \u2022 BPA-frei \u2022 passend f\u00fcr alle g\u00e4ngigen Automaten\" \/>\n<meta property=\"og:url\" content=\"https:\/\/cupworld.at\/en\/produkt\/coffee-to-go-250ml-sandstein\/\" \/>\n<meta property=\"og:site_name\" content=\"CupWorld\" \/>\n<meta property=\"article:modified_time\" content=\"2021-05-19T07:14:35+00:00\" \/>\n<meta property=\"og:image\" content=\"https:\/\/cupworld.at\/wp-content\/uploads\/2021\/05\/CUP-Coffee-to-go-250ml-sandstein.png\" \/>\n\t<meta property=\"og:image:width\" content=\"1000\" \/>\n\t<meta property=\"og:image:height\" content=\"1000\" \/>\n\t<meta property=\"og:image:type\" content=\"image\/png\" \/>\n<meta name=\"twitter:card\" content=\"summary_large_image\" \/>\n<meta name=\"twitter:label1\" content=\"Est. reading time\" \/>\n\t<meta name=\"twitter:data1\" content=\"1 minute\" \/>\n<script type=\"application\/ld+json\" class=\"yoast-schema-graph\">{\"@context\":\"https:\/\/schema.org\",\"@graph\":[{\"@type\":\"WebPage\",\"@id\":\"https:\/\/cupworld.at\/en\/produkt\/coffee-to-go-250ml-sandstein\/\",\"url\":\"https:\/\/cupworld.at\/en\/produkt\/coffee-to-go-250ml-sandstein\/\",\"name\":\"Coffee to go Becher 250 ml aus PP sandsteinfarben\",\"isPartOf\":{\"@id\":\"https:\/\/cupworld.at\/#website\"},\"primaryImageOfPage\":{\"@id\":\"https:\/\/cupworld.at\/en\/produkt\/coffee-to-go-250ml-sandstein\/#primaryimage\"},\"image\":{\"@id\":\"https:\/\/cupworld.at\/en\/produkt\/coffee-to-go-250ml-sandstein\/#primaryimage\"},\"thumbnailUrl\":\"https:\/\/cupworld.at\/wp-content\/uploads\/2021\/05\/CUP-Coffee-to-go-250ml-sandstein.png\",\"datePublished\":\"2021-05-13T16:41:41+00:00\",\"dateModified\":\"2021-05-19T07:14:35+00:00\",\"description\":\"Sandsteinfarbener Mehrweg Coffee to go Becher 250 ml \u2022 bruchfest \u2022 stapelbar \u2022 BPA-frei \u2022 passend f\u00fcr alle g\u00e4ngigen Automaten\",\"breadcrumb\":{\"@id\":\"https:\/\/cupworld.at\/en\/produkt\/coffee-to-go-250ml-sandstein\/#breadcrumb\"},\"inLanguage\":\"en-US\",\"potentialAction\":[{\"@type\":\"ReadAction\",\"target\":[\"https:\/\/cupworld.at\/en\/produkt\/coffee-to-go-250ml-sandstein\/\"]}]},{\"@type\":\"ImageObject\",\"inLanguage\":\"en-US\",\"@id\":\"https:\/\/cupworld.at\/en\/produkt\/coffee-to-go-250ml-sandstein\/#primaryimage\",\"url\":\"https:\/\/cupworld.at\/wp-content\/uploads\/2021\/05\/CUP-Coffee-to-go-250ml-sandstein.png\",\"contentUrl\":\"https:\/\/cupworld.at\/wp-content\/uploads\/2021\/05\/CUP-Coffee-to-go-250ml-sandstein.png\",\"width\":1000,\"height\":1000,\"caption\":\"Wiederverwendbarer Coffee to go Becher 250 ml in sandstein\"},{\"@type\":\"BreadcrumbList\",\"@id\":\"https:\/\/cupworld.at\/en\/produkt\/coffee-to-go-250ml-sandstein\/#breadcrumb\",\"itemListElement\":[{\"@type\":\"ListItem\",\"position\":1,\"name\":\"Startseite\",\"item\":\"https:\/\/cupworld.at\/en\/\"},{\"@type\":\"ListItem\",\"position\":2,\"name\":\"Mehrwegbecher kaufen\",\"item\":\"https:\/\/cupworld.at\/mehrwegbecher-kaufen\/\"},{\"@type\":\"ListItem\",\"position\":3,\"name\":\"CUP Coffee to go 250 ml sandstein\"}]},{\"@type\":\"WebSite\",\"@id\":\"https:\/\/cupworld.at\/#website\",\"url\":\"https:\/\/cupworld.at\/\",\"name\":\"CupWorld\",\"description\":\"\",\"potentialAction\":[{\"@type\":\"SearchAction\",\"target\":{\"@type\":\"EntryPoint\",\"urlTemplate\":\"https:\/\/cupworld.at\/?s={search_term_string}\"},\"query-input\":\"required name=search_term_string\"}],\"inLanguage\":\"en-US\"}]}<\/script>\n<!-- \/ Yoast SEO plugin. -->","yoast_head_json":{"title":"Coffee to go Becher 250 ml aus PP sandsteinfarben","description":"Sandsteinfarbener Mehrweg Coffee to go Becher 250 ml \u2022 bruchfest \u2022 stapelbar \u2022 BPA-frei \u2022 passend f\u00fcr alle g\u00e4ngigen Automaten","robots":{"index":"index","follow":"follow","max-snippet":"max-snippet:-1","max-image-preview":"max-image-preview:large","max-video-preview":"max-video-preview:-1"},"canonical":"https:\/\/cupworld.at\/en\/produkt\/coffee-to-go-250ml-sandstein\/","og_locale":"en_US","og_type":"article","og_title":"Coffee to go Becher 250 ml aus PP sandsteinfarben","og_description":"Sandsteinfarbener Mehrweg Coffee to go Becher 250 ml \u2022 bruchfest \u2022 stapelbar \u2022 BPA-frei \u2022 passend f\u00fcr alle g\u00e4ngigen Automaten","og_url":"https:\/\/cupworld.at\/en\/produkt\/coffee-to-go-250ml-sandstein\/","og_site_name":"CupWorld","article_modified_time":"2021-05-19T07:14:35+00:00","og_image":[{"width":1000,"height":1000,"url":"https:\/\/cupworld.at\/wp-content\/uploads\/2021\/05\/CUP-Coffee-to-go-250ml-sandstein.png","type":"image\/png"}],"twitter_card":"summary_large_image","twitter_misc":{"Est. reading time":"1 minute"},"schema":{"@context":"https:\/\/schema.org","@graph":[{"@type":"WebPage","@id":"https:\/\/cupworld.at\/en\/produkt\/coffee-to-go-250ml-sandstein\/","url":"https:\/\/cupworld.at\/en\/produkt\/coffee-to-go-250ml-sandstein\/","name":"Coffee to go Becher 250 ml aus PP sandsteinfarben","isPartOf":{"@id":"https:\/\/cupworld.at\/#website"},"primaryImageOfPage":{"@id":"https:\/\/cupworld.at\/en\/produkt\/coffee-to-go-250ml-sandstein\/#primaryimage"},"image":{"@id":"https:\/\/cupworld.at\/en\/produkt\/coffee-to-go-250ml-sandstein\/#primaryimage"},"thumbnailUrl":"https:\/\/cupworld.at\/wp-content\/uploads\/2021\/05\/CUP-Coffee-to-go-250ml-sandstein.png","datePublished":"2021-05-13T16:41:41+00:00","dateModified":"2021-05-19T07:14:35+00:00","description":"Sandsteinfarbener Mehrweg Coffee to go Becher 250 ml \u2022 bruchfest \u2022 stapelbar \u2022 BPA-frei \u2022 passend f\u00fcr alle g\u00e4ngigen Automaten","breadcrumb":{"@id":"https:\/\/cupworld.at\/en\/produkt\/coffee-to-go-250ml-sandstein\/#breadcrumb"},"inLanguage":"en-US","potentialAction":[{"@type":"ReadAction","target":["https:\/\/cupworld.at\/en\/produkt\/coffee-to-go-250ml-sandstein\/"]}]},{"@type":"ImageObject","inLanguage":"en-US","@id":"https:\/\/cupworld.at\/en\/produkt\/coffee-to-go-250ml-sandstein\/#primaryimage","url":"https:\/\/cupworld.at\/wp-content\/uploads\/2021\/05\/CUP-Coffee-to-go-250ml-sandstein.png","contentUrl":"https:\/\/cupworld.at\/wp-content\/uploads\/2021\/05\/CUP-Coffee-to-go-250ml-sandstein.png","width":1000,"height":1000,"caption":"Wiederverwendbarer Coffee to go Becher 250 ml in sandstein"},{"@type":"BreadcrumbList","@id":"https:\/\/cupworld.at\/en\/produkt\/coffee-to-go-250ml-sandstein\/#breadcrumb","itemListElement":[{"@type":"ListItem","position":1,"name":"Startseite","item":"https:\/\/cupworld.at\/en\/"},{"@type":"ListItem","position":2,"name":"Mehrwegbecher kaufen","item":"https:\/\/cupworld.at\/mehrwegbecher-kaufen\/"},{"@type":"ListItem","position":3,"name":"CUP Coffee to go 250 ml sandstein"}]},{"@type":"WebSite","@id":"https:\/\/cupworld.at\/#website","url":"https:\/\/cupworld.at\/","name":"CupWorld","description":"","potentialAction":[{"@type":"SearchAction","target":{"@type":"EntryPoint","urlTemplate":"https:\/\/cupworld.at\/?s={search_term_string}"},"query-input":"required name=search_term_string"}],"inLanguage":"en-US"}]}},"tiered_pricing_type":"fixed","tiered_pricing_fixed_rules":{"630":"0.90","1260":"0.88"},"_links":{"self":[{"href":"https:\/\/cupworld.at\/en\/wp-json\/wp\/v2\/product\/2148"}],"collection":[{"href":"https:\/\/cupworld.at\/en\/wp-json\/wp\/v2\/product"}],"about":[{"href":"https:\/\/cupworld.at\/en\/wp-json\/wp\/v2\/types\/product"}],"wp:featuredmedia":[{"embeddable":true,"href":"https:\/\/cupworld.at\/en\/wp-json\/wp\/v2\/media\/2122"}],"wp:attachment":[{"href":"https:\/\/cupworld.at\/en\/wp-json\/wp\/v2\/media?parent=2148"}],"wp:term":[{"taxonomy":"product_cat","embeddable":true,"href":"https:\/\/cupworld.at\/en\/wp-json\/wp\/v2\/product_cat?post=2148"},{"taxonomy":"product_tag","embeddable":true,"href":"https:\/\/cupworld.at\/en\/wp-json\/wp\/v2\/product_tag?post=2148"}],"curies":[{"name":"wp","href":"https:\/\/api.w.org\/{rel}","templated":true}]}}