{"id":2149,"date":"2021-05-12T16:44:31","date_gmt":"2021-05-12T16:44:31","guid":{"rendered":"https:\/\/cupworld.at\/?post_type=product&#038;p=2149"},"modified":"2021-05-19T07:08:25","modified_gmt":"2021-05-19T07:08:25","slug":"coffee-to-go-becher-300ml-weiss","status":"publish","type":"product","link":"https:\/\/cupworld.at\/en\/produkt\/coffee-to-go-becher-300ml-weiss\/","title":{"rendered":"CUP Coffee to go 300 ml wei\u00df"},"content":{"rendered":"<p>Aus dem wiederverwendbaren CUP Coffee to go 300 ml in wei\u00df aus Polypropylen (PP) schmeckt nicht nur Kaffee super, sondern auch Punsch, Kakao, Gl\u00fchwein und Tee ebenso wie Kaltgetr\u00e4nke.<\/p>\n<p>Der wei\u00dfe Mehrweg Coffee to go Becher 300 ml ist extrem stabil, liegt gut in der Hand und hat eine ungef\u00e4hre Lebensdauer von 1.000 Sp\u00fclg\u00e4ngen im Industriesp\u00fcler. Au\u00dfen hat der Kaffeebecher eine samtige Oberfl\u00e4che, was ihm eine hochwertige Optik verleiht, die Innenfl\u00e4che ist poliert.<\/p>\n<p>Weitere Eigenschaften des Coffee to go Bechers 300 ml wei\u00df: einfarbig bedruckbar, bruchsicher, mikrowellentauglich, sp\u00fclmaschinenfest, stapelbar, kein Weichmacher (BPA-frei), kein Silikon oder Melaminharz, geruchsneutral, geschmacksneutral, resistent gegen Kratzer.<\/p>\n<p>Die Gr\u00f6\u00dfe des Coffee to go Mehrwegbechers ist f\u00fcr alle g\u00e4ngigen Kaffee- und Vendingautomaten passend.<\/p>\n","protected":false},"excerpt":{"rendered":"<p>Mehrweg Coffee to go Becher 300 ml in wei\u00df aus Polypropylen (PP), einfarbig bedruckbar.<\/p>\n","protected":false},"featured_media":2134,"template":"","meta":[],"product_cat":[18],"product_tag":[167],"yoast_head":"<!-- This site is optimized with the Yoast SEO plugin v23.1 - https:\/\/yoast.com\/wordpress\/plugins\/seo\/ -->\n<title>Mehrwegbecher Coffee to go wei\u00df 300 ml aus Polypropylen<\/title>\n<meta name=\"description\" content=\"Mehrweg Coffee to go Becher wei\u00df 300 ml aus PP \u2022 stapelbar \u2022 einfarbig bedruckbar \u2022 BPA-frei \u2022sp\u00fclmaschinenfest \u2022 mikrowellentauglich\" \/>\n<meta name=\"robots\" content=\"index, follow, max-snippet:-1, max-image-preview:large, max-video-preview:-1\" \/>\n<link rel=\"canonical\" href=\"https:\/\/cupworld.at\/produkt\/coffee-to-go-becher-300ml-weiss\/\" \/>\n<meta property=\"og:locale\" content=\"en_US\" \/>\n<meta property=\"og:type\" content=\"article\" \/>\n<meta property=\"og:title\" content=\"Mehrwegbecher Coffee to go wei\u00df 300 ml aus Polypropylen\" \/>\n<meta property=\"og:description\" content=\"Mehrweg Coffee to go Becher wei\u00df 300 ml aus PP \u2022 stapelbar \u2022 einfarbig bedruckbar \u2022 BPA-frei \u2022sp\u00fclmaschinenfest \u2022 mikrowellentauglich\" \/>\n<meta property=\"og:url\" content=\"https:\/\/cupworld.at\/produkt\/coffee-to-go-becher-300ml-weiss\/\" \/>\n<meta property=\"og:site_name\" content=\"CupWorld\" \/>\n<meta property=\"article:modified_time\" content=\"2021-05-19T07:08:25+00:00\" \/>\n<meta property=\"og:image\" content=\"https:\/\/cupworld.at\/wp-content\/uploads\/2021\/05\/CUP-Coffee-to-go-300ml-weiss.png\" \/>\n\t<meta property=\"og:image:width\" content=\"1000\" \/>\n\t<meta property=\"og:image:height\" content=\"1000\" \/>\n\t<meta property=\"og:image:type\" content=\"image\/png\" \/>\n<meta name=\"twitter:card\" content=\"summary_large_image\" \/>\n<meta name=\"twitter:label1\" content=\"Est. reading time\" \/>\n\t<meta name=\"twitter:data1\" content=\"1 minute\" \/>\n<script type=\"application\/ld+json\" class=\"yoast-schema-graph\">{\"@context\":\"https:\/\/schema.org\",\"@graph\":[{\"@type\":\"WebPage\",\"@id\":\"https:\/\/cupworld.at\/produkt\/coffee-to-go-becher-300ml-weiss\/\",\"url\":\"https:\/\/cupworld.at\/produkt\/coffee-to-go-becher-300ml-weiss\/\",\"name\":\"Mehrwegbecher Coffee to go wei\u00df 300 ml aus Polypropylen\",\"isPartOf\":{\"@id\":\"https:\/\/cupworld.at\/#website\"},\"primaryImageOfPage\":{\"@id\":\"https:\/\/cupworld.at\/produkt\/coffee-to-go-becher-300ml-weiss\/#primaryimage\"},\"image\":{\"@id\":\"https:\/\/cupworld.at\/produkt\/coffee-to-go-becher-300ml-weiss\/#primaryimage\"},\"thumbnailUrl\":\"https:\/\/cupworld.at\/wp-content\/uploads\/2021\/05\/CUP-Coffee-to-go-300ml-weiss.png\",\"datePublished\":\"2021-05-12T16:44:31+00:00\",\"dateModified\":\"2021-05-19T07:08:25+00:00\",\"description\":\"Mehrweg Coffee to go Becher wei\u00df 300 ml aus PP \u2022 stapelbar \u2022 einfarbig bedruckbar \u2022 BPA-frei \u2022sp\u00fclmaschinenfest \u2022 mikrowellentauglich\",\"breadcrumb\":{\"@id\":\"https:\/\/cupworld.at\/produkt\/coffee-to-go-becher-300ml-weiss\/#breadcrumb\"},\"inLanguage\":\"en-US\",\"potentialAction\":[{\"@type\":\"ReadAction\",\"target\":[\"https:\/\/cupworld.at\/produkt\/coffee-to-go-becher-300ml-weiss\/\"]}]},{\"@type\":\"ImageObject\",\"inLanguage\":\"en-US\",\"@id\":\"https:\/\/cupworld.at\/produkt\/coffee-to-go-becher-300ml-weiss\/#primaryimage\",\"url\":\"https:\/\/cupworld.at\/wp-content\/uploads\/2021\/05\/CUP-Coffee-to-go-300ml-weiss.png\",\"contentUrl\":\"https:\/\/cupworld.at\/wp-content\/uploads\/2021\/05\/CUP-Coffee-to-go-300ml-weiss.png\",\"width\":1000,\"height\":1000,\"caption\":\"Wiederverwendbarer Coffee to go Becher 300 ml in wei\u00df\"},{\"@type\":\"BreadcrumbList\",\"@id\":\"https:\/\/cupworld.at\/produkt\/coffee-to-go-becher-300ml-weiss\/#breadcrumb\",\"itemListElement\":[{\"@type\":\"ListItem\",\"position\":1,\"name\":\"Startseite\",\"item\":\"https:\/\/cupworld.at\/en\/\"},{\"@type\":\"ListItem\",\"position\":2,\"name\":\"Mehrwegbecher kaufen\",\"item\":\"https:\/\/cupworld.at\/mehrwegbecher-kaufen\/\"},{\"@type\":\"ListItem\",\"position\":3,\"name\":\"CUP Coffee to go 300 ml wei\u00df\"}]},{\"@type\":\"WebSite\",\"@id\":\"https:\/\/cupworld.at\/#website\",\"url\":\"https:\/\/cupworld.at\/\",\"name\":\"CupWorld\",\"description\":\"\",\"potentialAction\":[{\"@type\":\"SearchAction\",\"target\":{\"@type\":\"EntryPoint\",\"urlTemplate\":\"https:\/\/cupworld.at\/?s={search_term_string}\"},\"query-input\":\"required name=search_term_string\"}],\"inLanguage\":\"en-US\"}]}<\/script>\n<!-- \/ Yoast SEO plugin. -->","yoast_head_json":{"title":"Mehrwegbecher Coffee to go wei\u00df 300 ml aus Polypropylen","description":"Mehrweg Coffee to go Becher wei\u00df 300 ml aus PP \u2022 stapelbar \u2022 einfarbig bedruckbar \u2022 BPA-frei \u2022sp\u00fclmaschinenfest \u2022 mikrowellentauglich","robots":{"index":"index","follow":"follow","max-snippet":"max-snippet:-1","max-image-preview":"max-image-preview:large","max-video-preview":"max-video-preview:-1"},"canonical":"https:\/\/cupworld.at\/produkt\/coffee-to-go-becher-300ml-weiss\/","og_locale":"en_US","og_type":"article","og_title":"Mehrwegbecher Coffee to go wei\u00df 300 ml aus Polypropylen","og_description":"Mehrweg Coffee to go Becher wei\u00df 300 ml aus PP \u2022 stapelbar \u2022 einfarbig bedruckbar \u2022 BPA-frei \u2022sp\u00fclmaschinenfest \u2022 mikrowellentauglich","og_url":"https:\/\/cupworld.at\/produkt\/coffee-to-go-becher-300ml-weiss\/","og_site_name":"CupWorld","article_modified_time":"2021-05-19T07:08:25+00:00","og_image":[{"width":1000,"height":1000,"url":"https:\/\/cupworld.at\/wp-content\/uploads\/2021\/05\/CUP-Coffee-to-go-300ml-weiss.png","type":"image\/png"}],"twitter_card":"summary_large_image","twitter_misc":{"Est. reading time":"1 minute"},"schema":{"@context":"https:\/\/schema.org","@graph":[{"@type":"WebPage","@id":"https:\/\/cupworld.at\/produkt\/coffee-to-go-becher-300ml-weiss\/","url":"https:\/\/cupworld.at\/produkt\/coffee-to-go-becher-300ml-weiss\/","name":"Mehrwegbecher Coffee to go wei\u00df 300 ml aus Polypropylen","isPartOf":{"@id":"https:\/\/cupworld.at\/#website"},"primaryImageOfPage":{"@id":"https:\/\/cupworld.at\/produkt\/coffee-to-go-becher-300ml-weiss\/#primaryimage"},"image":{"@id":"https:\/\/cupworld.at\/produkt\/coffee-to-go-becher-300ml-weiss\/#primaryimage"},"thumbnailUrl":"https:\/\/cupworld.at\/wp-content\/uploads\/2021\/05\/CUP-Coffee-to-go-300ml-weiss.png","datePublished":"2021-05-12T16:44:31+00:00","dateModified":"2021-05-19T07:08:25+00:00","description":"Mehrweg Coffee to go Becher wei\u00df 300 ml aus PP \u2022 stapelbar \u2022 einfarbig bedruckbar \u2022 BPA-frei \u2022sp\u00fclmaschinenfest \u2022 mikrowellentauglich","breadcrumb":{"@id":"https:\/\/cupworld.at\/produkt\/coffee-to-go-becher-300ml-weiss\/#breadcrumb"},"inLanguage":"en-US","potentialAction":[{"@type":"ReadAction","target":["https:\/\/cupworld.at\/produkt\/coffee-to-go-becher-300ml-weiss\/"]}]},{"@type":"ImageObject","inLanguage":"en-US","@id":"https:\/\/cupworld.at\/produkt\/coffee-to-go-becher-300ml-weiss\/#primaryimage","url":"https:\/\/cupworld.at\/wp-content\/uploads\/2021\/05\/CUP-Coffee-to-go-300ml-weiss.png","contentUrl":"https:\/\/cupworld.at\/wp-content\/uploads\/2021\/05\/CUP-Coffee-to-go-300ml-weiss.png","width":1000,"height":1000,"caption":"Wiederverwendbarer Coffee to go Becher 300 ml in wei\u00df"},{"@type":"BreadcrumbList","@id":"https:\/\/cupworld.at\/produkt\/coffee-to-go-becher-300ml-weiss\/#breadcrumb","itemListElement":[{"@type":"ListItem","position":1,"name":"Startseite","item":"https:\/\/cupworld.at\/en\/"},{"@type":"ListItem","position":2,"name":"Mehrwegbecher kaufen","item":"https:\/\/cupworld.at\/mehrwegbecher-kaufen\/"},{"@type":"ListItem","position":3,"name":"CUP Coffee to go 300 ml wei\u00df"}]},{"@type":"WebSite","@id":"https:\/\/cupworld.at\/#website","url":"https:\/\/cupworld.at\/","name":"CupWorld","description":"","potentialAction":[{"@type":"SearchAction","target":{"@type":"EntryPoint","urlTemplate":"https:\/\/cupworld.at\/?s={search_term_string}"},"query-input":"required name=search_term_string"}],"inLanguage":"en-US"}]}},"tiered_pricing_type":"fixed","tiered_pricing_fixed_rules":{"690":"0.95","1380":"0.92"},"_links":{"self":[{"href":"https:\/\/cupworld.at\/en\/wp-json\/wp\/v2\/product\/2149"}],"collection":[{"href":"https:\/\/cupworld.at\/en\/wp-json\/wp\/v2\/product"}],"about":[{"href":"https:\/\/cupworld.at\/en\/wp-json\/wp\/v2\/types\/product"}],"wp:featuredmedia":[{"embeddable":true,"href":"https:\/\/cupworld.at\/en\/wp-json\/wp\/v2\/media\/2134"}],"wp:attachment":[{"href":"https:\/\/cupworld.at\/en\/wp-json\/wp\/v2\/media?parent=2149"}],"wp:term":[{"taxonomy":"product_cat","embeddable":true,"href":"https:\/\/cupworld.at\/en\/wp-json\/wp\/v2\/product_cat?post=2149"},{"taxonomy":"product_tag","embeddable":true,"href":"https:\/\/cupworld.at\/en\/wp-json\/wp\/v2\/product_tag?post=2149"}],"curies":[{"name":"wp","href":"https:\/\/api.w.org\/{rel}","templated":true}]}}