{"id":2154,"date":"2021-05-11T16:57:46","date_gmt":"2021-05-11T16:57:46","guid":{"rendered":"https:\/\/cupworld.at\/?post_type=product&#038;p=2154"},"modified":"2022-09-14T06:14:07","modified_gmt":"2022-09-14T06:14:07","slug":"coffee-to-go-deckel-schwarz","status":"publish","type":"product","link":"https:\/\/cupworld.at\/en\/produkt\/coffee-to-go-deckel-schwarz\/","title":{"rendered":"CUP Coffee to go Deckel schwarz"},"content":{"rendered":"<p>Unser wiederverwendbarer CUP Coffee to go Deckel aus Polypropylen (PP) in schwarz mit Trink\u00f6ffnung hat einen Durchmesser von 80 mm und verschlie\u00dft jeden passenden Kaffeebecher perfekt.<\/p>\n<p>Die elegant angeraute Oberfl\u00e4che an den Seiten erm\u00f6glicht ein leichtes \u00d6ffnen des Deckels. Innenseite und Deckeloberfl\u00e4che sind aus hygienischen Gr\u00fcnden hochglanzpoliert. Direkt neben der Trink\u00f6ffnung befinden sich die Warnhinweise \u00bbHOT\u00ab bzw. \u00bbHEISS\u00ab.<\/p>\n<p>Der schwarze Mehrweg CUP Coffee to go Deckel ist f\u00fcr Hei\u00df- und Kaltgetr\u00e4nke geeignet,\u00a0sp\u00fclmaschinenfest (Lebensdauer: 500 bis 600 Sp\u00fclg\u00e4nge im Industriesp\u00fcler), bruchsicher, mikrowellentauglich, enth\u00e4lt keine Weichmacher (BPA-frei), kein Silikon oder Melaminharz.<\/p>\n<p>Der Umwelt zuliebe wird dieser Deckel aus 100 % Regranulat produziert, weswegen es an der Oberfl\u00e4che zu minimalen Farbabweichungen oder Punkten kommen kann. Dies stellt keinen Reklamationsgrund dar.<\/p>\n","protected":false},"excerpt":{"rendered":"<p>Deckel schwarz 80 mm f\u00fcr Coffee to go Becher mit Trink\u00f6ffnung und Warnhinweis &#8220;HOT&#8221;.<\/p>\n","protected":false},"featured_media":2137,"template":"","meta":[],"product_cat":[18],"product_tag":[173],"yoast_head":"<!-- This site is optimized with the Yoast SEO plugin v23.1 - https:\/\/yoast.com\/wordpress\/plugins\/seo\/ -->\n<title>Wiederverwendbarer Deckel f\u00fcr Coffee to go Becher schwarz<\/title>\n<meta name=\"description\" content=\"Schwarzer Mehrweg Deckel f\u00fcr Coffee to go Becher mit Trink\u00f6ffnung, 80 mm Durchmesser, sp\u00fclmaschinenfest, aus 100 % Regranulat\" \/>\n<meta name=\"robots\" content=\"index, follow, max-snippet:-1, max-image-preview:large, max-video-preview:-1\" \/>\n<link rel=\"canonical\" href=\"https:\/\/cupworld.at\/produkt\/coffee-to-go-deckel-schwarz\/\" \/>\n<meta property=\"og:locale\" content=\"en_US\" \/>\n<meta property=\"og:type\" content=\"article\" \/>\n<meta property=\"og:title\" content=\"Wiederverwendbarer Deckel f\u00fcr Coffee to go Becher schwarz\" \/>\n<meta property=\"og:description\" content=\"Schwarzer Mehrweg Deckel f\u00fcr Coffee to go Becher mit Trink\u00f6ffnung, 80 mm Durchmesser, sp\u00fclmaschinenfest, aus 100 % Regranulat\" \/>\n<meta property=\"og:url\" content=\"https:\/\/cupworld.at\/produkt\/coffee-to-go-deckel-schwarz\/\" \/>\n<meta property=\"og:site_name\" content=\"CupWorld\" \/>\n<meta property=\"article:modified_time\" content=\"2022-09-14T06:14:07+00:00\" \/>\n<meta property=\"og:image\" content=\"https:\/\/cupworld.at\/wp-content\/uploads\/2021\/05\/CUP-Coffee-to-go-Deckel-schwarz.png\" \/>\n\t<meta property=\"og:image:width\" content=\"1000\" \/>\n\t<meta property=\"og:image:height\" content=\"1000\" \/>\n\t<meta property=\"og:image:type\" content=\"image\/png\" \/>\n<meta name=\"twitter:card\" content=\"summary_large_image\" \/>\n<meta name=\"twitter:label1\" content=\"Est. reading time\" \/>\n\t<meta name=\"twitter:data1\" content=\"1 minute\" \/>\n<script type=\"application\/ld+json\" class=\"yoast-schema-graph\">{\"@context\":\"https:\/\/schema.org\",\"@graph\":[{\"@type\":\"WebPage\",\"@id\":\"https:\/\/cupworld.at\/produkt\/coffee-to-go-deckel-schwarz\/\",\"url\":\"https:\/\/cupworld.at\/produkt\/coffee-to-go-deckel-schwarz\/\",\"name\":\"Wiederverwendbarer Deckel f\u00fcr Coffee to go Becher schwarz\",\"isPartOf\":{\"@id\":\"https:\/\/cupworld.at\/#website\"},\"primaryImageOfPage\":{\"@id\":\"https:\/\/cupworld.at\/produkt\/coffee-to-go-deckel-schwarz\/#primaryimage\"},\"image\":{\"@id\":\"https:\/\/cupworld.at\/produkt\/coffee-to-go-deckel-schwarz\/#primaryimage\"},\"thumbnailUrl\":\"https:\/\/cupworld.at\/wp-content\/uploads\/2021\/05\/CUP-Coffee-to-go-Deckel-schwarz.png\",\"datePublished\":\"2021-05-11T16:57:46+00:00\",\"dateModified\":\"2022-09-14T06:14:07+00:00\",\"description\":\"Schwarzer Mehrweg Deckel f\u00fcr Coffee to go Becher mit Trink\u00f6ffnung, 80 mm Durchmesser, sp\u00fclmaschinenfest, aus 100 % Regranulat\",\"breadcrumb\":{\"@id\":\"https:\/\/cupworld.at\/produkt\/coffee-to-go-deckel-schwarz\/#breadcrumb\"},\"inLanguage\":\"en-US\",\"potentialAction\":[{\"@type\":\"ReadAction\",\"target\":[\"https:\/\/cupworld.at\/produkt\/coffee-to-go-deckel-schwarz\/\"]}]},{\"@type\":\"ImageObject\",\"inLanguage\":\"en-US\",\"@id\":\"https:\/\/cupworld.at\/produkt\/coffee-to-go-deckel-schwarz\/#primaryimage\",\"url\":\"https:\/\/cupworld.at\/wp-content\/uploads\/2021\/05\/CUP-Coffee-to-go-Deckel-schwarz.png\",\"contentUrl\":\"https:\/\/cupworld.at\/wp-content\/uploads\/2021\/05\/CUP-Coffee-to-go-Deckel-schwarz.png\",\"width\":1000,\"height\":1000,\"caption\":\"Deckel schwarz mit Trink\u00f6ffnung f\u00fcr CUP Coffee to go\"},{\"@type\":\"BreadcrumbList\",\"@id\":\"https:\/\/cupworld.at\/produkt\/coffee-to-go-deckel-schwarz\/#breadcrumb\",\"itemListElement\":[{\"@type\":\"ListItem\",\"position\":1,\"name\":\"Startseite\",\"item\":\"https:\/\/cupworld.at\/en\/\"},{\"@type\":\"ListItem\",\"position\":2,\"name\":\"Mehrwegbecher kaufen\",\"item\":\"https:\/\/cupworld.at\/mehrwegbecher-kaufen\/\"},{\"@type\":\"ListItem\",\"position\":3,\"name\":\"CUP Coffee to go Deckel schwarz\"}]},{\"@type\":\"WebSite\",\"@id\":\"https:\/\/cupworld.at\/#website\",\"url\":\"https:\/\/cupworld.at\/\",\"name\":\"CupWorld\",\"description\":\"\",\"potentialAction\":[{\"@type\":\"SearchAction\",\"target\":{\"@type\":\"EntryPoint\",\"urlTemplate\":\"https:\/\/cupworld.at\/?s={search_term_string}\"},\"query-input\":\"required name=search_term_string\"}],\"inLanguage\":\"en-US\"}]}<\/script>\n<!-- \/ Yoast SEO plugin. -->","yoast_head_json":{"title":"Wiederverwendbarer Deckel f\u00fcr Coffee to go Becher schwarz","description":"Schwarzer Mehrweg Deckel f\u00fcr Coffee to go Becher mit Trink\u00f6ffnung, 80 mm Durchmesser, sp\u00fclmaschinenfest, aus 100 % Regranulat","robots":{"index":"index","follow":"follow","max-snippet":"max-snippet:-1","max-image-preview":"max-image-preview:large","max-video-preview":"max-video-preview:-1"},"canonical":"https:\/\/cupworld.at\/produkt\/coffee-to-go-deckel-schwarz\/","og_locale":"en_US","og_type":"article","og_title":"Wiederverwendbarer Deckel f\u00fcr Coffee to go Becher schwarz","og_description":"Schwarzer Mehrweg Deckel f\u00fcr Coffee to go Becher mit Trink\u00f6ffnung, 80 mm Durchmesser, sp\u00fclmaschinenfest, aus 100 % Regranulat","og_url":"https:\/\/cupworld.at\/produkt\/coffee-to-go-deckel-schwarz\/","og_site_name":"CupWorld","article_modified_time":"2022-09-14T06:14:07+00:00","og_image":[{"width":1000,"height":1000,"url":"https:\/\/cupworld.at\/wp-content\/uploads\/2021\/05\/CUP-Coffee-to-go-Deckel-schwarz.png","type":"image\/png"}],"twitter_card":"summary_large_image","twitter_misc":{"Est. reading time":"1 minute"},"schema":{"@context":"https:\/\/schema.org","@graph":[{"@type":"WebPage","@id":"https:\/\/cupworld.at\/produkt\/coffee-to-go-deckel-schwarz\/","url":"https:\/\/cupworld.at\/produkt\/coffee-to-go-deckel-schwarz\/","name":"Wiederverwendbarer Deckel f\u00fcr Coffee to go Becher schwarz","isPartOf":{"@id":"https:\/\/cupworld.at\/#website"},"primaryImageOfPage":{"@id":"https:\/\/cupworld.at\/produkt\/coffee-to-go-deckel-schwarz\/#primaryimage"},"image":{"@id":"https:\/\/cupworld.at\/produkt\/coffee-to-go-deckel-schwarz\/#primaryimage"},"thumbnailUrl":"https:\/\/cupworld.at\/wp-content\/uploads\/2021\/05\/CUP-Coffee-to-go-Deckel-schwarz.png","datePublished":"2021-05-11T16:57:46+00:00","dateModified":"2022-09-14T06:14:07+00:00","description":"Schwarzer Mehrweg Deckel f\u00fcr Coffee to go Becher mit Trink\u00f6ffnung, 80 mm Durchmesser, sp\u00fclmaschinenfest, aus 100 % Regranulat","breadcrumb":{"@id":"https:\/\/cupworld.at\/produkt\/coffee-to-go-deckel-schwarz\/#breadcrumb"},"inLanguage":"en-US","potentialAction":[{"@type":"ReadAction","target":["https:\/\/cupworld.at\/produkt\/coffee-to-go-deckel-schwarz\/"]}]},{"@type":"ImageObject","inLanguage":"en-US","@id":"https:\/\/cupworld.at\/produkt\/coffee-to-go-deckel-schwarz\/#primaryimage","url":"https:\/\/cupworld.at\/wp-content\/uploads\/2021\/05\/CUP-Coffee-to-go-Deckel-schwarz.png","contentUrl":"https:\/\/cupworld.at\/wp-content\/uploads\/2021\/05\/CUP-Coffee-to-go-Deckel-schwarz.png","width":1000,"height":1000,"caption":"Deckel schwarz mit Trink\u00f6ffnung f\u00fcr CUP Coffee to go"},{"@type":"BreadcrumbList","@id":"https:\/\/cupworld.at\/produkt\/coffee-to-go-deckel-schwarz\/#breadcrumb","itemListElement":[{"@type":"ListItem","position":1,"name":"Startseite","item":"https:\/\/cupworld.at\/en\/"},{"@type":"ListItem","position":2,"name":"Mehrwegbecher kaufen","item":"https:\/\/cupworld.at\/mehrwegbecher-kaufen\/"},{"@type":"ListItem","position":3,"name":"CUP Coffee to go Deckel schwarz"}]},{"@type":"WebSite","@id":"https:\/\/cupworld.at\/#website","url":"https:\/\/cupworld.at\/","name":"CupWorld","description":"","potentialAction":[{"@type":"SearchAction","target":{"@type":"EntryPoint","urlTemplate":"https:\/\/cupworld.at\/?s={search_term_string}"},"query-input":"required name=search_term_string"}],"inLanguage":"en-US"}]}},"tiered_pricing_type":"fixed","tiered_pricing_fixed_rules":{"630":"0.57","1260":"0.55"},"_links":{"self":[{"href":"https:\/\/cupworld.at\/en\/wp-json\/wp\/v2\/product\/2154"}],"collection":[{"href":"https:\/\/cupworld.at\/en\/wp-json\/wp\/v2\/product"}],"about":[{"href":"https:\/\/cupworld.at\/en\/wp-json\/wp\/v2\/types\/product"}],"wp:featuredmedia":[{"embeddable":true,"href":"https:\/\/cupworld.at\/en\/wp-json\/wp\/v2\/media\/2137"}],"wp:attachment":[{"href":"https:\/\/cupworld.at\/en\/wp-json\/wp\/v2\/media?parent=2154"}],"wp:term":[{"taxonomy":"product_cat","embeddable":true,"href":"https:\/\/cupworld.at\/en\/wp-json\/wp\/v2\/product_cat?post=2154"},{"taxonomy":"product_tag","embeddable":true,"href":"https:\/\/cupworld.at\/en\/wp-json\/wp\/v2\/product_tag?post=2154"}],"curies":[{"name":"wp","href":"https:\/\/api.w.org\/{rel}","templated":true}]}}