{"id":2285,"date":"2021-11-19T16:32:14","date_gmt":"2021-11-19T16:32:14","guid":{"rendered":"https:\/\/cupworld.at\/?post_type=product&#038;p=2285"},"modified":"2023-06-19T11:25:27","modified_gmt":"2023-06-19T11:25:27","slug":"cup-italo-tritan","status":"publish","type":"product","link":"https:\/\/cupworld.at\/en\/produkt\/cup-italo-tritan\/","title":{"rendered":"CUP Italo"},"content":{"rendered":"<p>Unser Digestifglas CUP Italo aus Tritan eignet sich f\u00fcr Fernet, Ramazzotti und andere Digestifs, aber auch f\u00fcr S\u00e4fte und Wasser. Der CUP Italo ist bruchsicher, glasklar, geschmacksneutral, geruchsneutral, sp\u00fclmaschinenfest (auch f\u00fcr Industriesp\u00fcler), recycelbar und hat eine Lebensdauer von rund 600 Sp\u00fclg\u00e4ngen.<\/p>\n","protected":false},"excerpt":{"rendered":"<p>Digestifglas CUP Italo aus Tritan. Auch als Wasser- und Saftglas nutzbar.<\/p>\n","protected":false},"featured_media":2225,"template":"","meta":[],"product_cat":[71,118],"product_tag":[],"yoast_head":"<!-- This site is optimized with the Yoast SEO plugin v23.1 - https:\/\/yoast.com\/wordpress\/plugins\/seo\/ -->\n<title>Digestifglas Italo aus glasklarem, bruchfestem Tritan<\/title>\n<meta name=\"description\" content=\"Digestifglas Italo aus Tritan \u2714\ufe0f bruchsicher \u2714\ufe0f kratzfest \u2714\ufe0f glasklar \u2714\ufe0f sp\u00fclmaschinenfest \u2714\ufe0f lange Lebensdauer \u2714\ufe0f recycelbar\" \/>\n<meta name=\"robots\" content=\"index, follow, max-snippet:-1, max-image-preview:large, max-video-preview:-1\" \/>\n<link rel=\"canonical\" href=\"https:\/\/cupworld.at\/produkt\/cup-italo-tritan\/\" \/>\n<meta property=\"og:locale\" content=\"en_US\" \/>\n<meta property=\"og:type\" content=\"article\" \/>\n<meta property=\"og:title\" content=\"Digestifglas Italo aus glasklarem, bruchfestem Tritan\" \/>\n<meta property=\"og:description\" content=\"Digestifglas Italo aus Tritan \u2714\ufe0f bruchsicher \u2714\ufe0f kratzfest \u2714\ufe0f glasklar \u2714\ufe0f sp\u00fclmaschinenfest \u2714\ufe0f lange Lebensdauer \u2714\ufe0f recycelbar\" \/>\n<meta property=\"og:url\" content=\"https:\/\/cupworld.at\/produkt\/cup-italo-tritan\/\" \/>\n<meta property=\"og:site_name\" content=\"CupWorld\" \/>\n<meta property=\"article:modified_time\" content=\"2023-06-19T11:25:27+00:00\" \/>\n<meta property=\"og:image\" content=\"https:\/\/cupworld.at\/wp-content\/uploads\/2021\/11\/CUP-Italo-Tritan.png\" \/>\n\t<meta property=\"og:image:width\" content=\"960\" \/>\n\t<meta property=\"og:image:height\" content=\"960\" \/>\n\t<meta property=\"og:image:type\" content=\"image\/png\" \/>\n<meta name=\"twitter:card\" content=\"summary_large_image\" \/>\n<meta name=\"twitter:label1\" content=\"Est. reading time\" \/>\n\t<meta name=\"twitter:data1\" content=\"1 minute\" \/>\n<script type=\"application\/ld+json\" class=\"yoast-schema-graph\">{\"@context\":\"https:\/\/schema.org\",\"@graph\":[{\"@type\":\"WebPage\",\"@id\":\"https:\/\/cupworld.at\/produkt\/cup-italo-tritan\/\",\"url\":\"https:\/\/cupworld.at\/produkt\/cup-italo-tritan\/\",\"name\":\"Digestifglas Italo aus glasklarem, bruchfestem Tritan\",\"isPartOf\":{\"@id\":\"https:\/\/cupworld.at\/#website\"},\"primaryImageOfPage\":{\"@id\":\"https:\/\/cupworld.at\/produkt\/cup-italo-tritan\/#primaryimage\"},\"image\":{\"@id\":\"https:\/\/cupworld.at\/produkt\/cup-italo-tritan\/#primaryimage\"},\"thumbnailUrl\":\"https:\/\/cupworld.at\/wp-content\/uploads\/2021\/11\/CUP-Italo-Tritan.png\",\"datePublished\":\"2021-11-19T16:32:14+00:00\",\"dateModified\":\"2023-06-19T11:25:27+00:00\",\"description\":\"Digestifglas Italo aus Tritan \u2714\ufe0f bruchsicher \u2714\ufe0f kratzfest \u2714\ufe0f glasklar \u2714\ufe0f sp\u00fclmaschinenfest \u2714\ufe0f lange Lebensdauer \u2714\ufe0f recycelbar\",\"breadcrumb\":{\"@id\":\"https:\/\/cupworld.at\/produkt\/cup-italo-tritan\/#breadcrumb\"},\"inLanguage\":\"en-US\",\"potentialAction\":[{\"@type\":\"ReadAction\",\"target\":[\"https:\/\/cupworld.at\/produkt\/cup-italo-tritan\/\"]}]},{\"@type\":\"ImageObject\",\"inLanguage\":\"en-US\",\"@id\":\"https:\/\/cupworld.at\/produkt\/cup-italo-tritan\/#primaryimage\",\"url\":\"https:\/\/cupworld.at\/wp-content\/uploads\/2021\/11\/CUP-Italo-Tritan.png\",\"contentUrl\":\"https:\/\/cupworld.at\/wp-content\/uploads\/2021\/11\/CUP-Italo-Tritan.png\",\"width\":960,\"height\":960,\"caption\":\"Mehrwegglas Italo f\u00fcr Digestifs aus bruchfestem Tritan\"},{\"@type\":\"BreadcrumbList\",\"@id\":\"https:\/\/cupworld.at\/produkt\/cup-italo-tritan\/#breadcrumb\",\"itemListElement\":[{\"@type\":\"ListItem\",\"position\":1,\"name\":\"Startseite\",\"item\":\"https:\/\/cupworld.at\/en\/\"},{\"@type\":\"ListItem\",\"position\":2,\"name\":\"Mehrwegbecher kaufen\",\"item\":\"https:\/\/cupworld.at\/mehrwegbecher-kaufen\/\"},{\"@type\":\"ListItem\",\"position\":3,\"name\":\"CUP Italo\"}]},{\"@type\":\"WebSite\",\"@id\":\"https:\/\/cupworld.at\/#website\",\"url\":\"https:\/\/cupworld.at\/\",\"name\":\"CupWorld\",\"description\":\"\",\"potentialAction\":[{\"@type\":\"SearchAction\",\"target\":{\"@type\":\"EntryPoint\",\"urlTemplate\":\"https:\/\/cupworld.at\/?s={search_term_string}\"},\"query-input\":\"required name=search_term_string\"}],\"inLanguage\":\"en-US\"}]}<\/script>\n<!-- \/ Yoast SEO plugin. -->","yoast_head_json":{"title":"Digestifglas Italo aus glasklarem, bruchfestem Tritan","description":"Digestifglas Italo aus Tritan \u2714\ufe0f bruchsicher \u2714\ufe0f kratzfest \u2714\ufe0f glasklar \u2714\ufe0f sp\u00fclmaschinenfest \u2714\ufe0f lange Lebensdauer \u2714\ufe0f recycelbar","robots":{"index":"index","follow":"follow","max-snippet":"max-snippet:-1","max-image-preview":"max-image-preview:large","max-video-preview":"max-video-preview:-1"},"canonical":"https:\/\/cupworld.at\/produkt\/cup-italo-tritan\/","og_locale":"en_US","og_type":"article","og_title":"Digestifglas Italo aus glasklarem, bruchfestem Tritan","og_description":"Digestifglas Italo aus Tritan \u2714\ufe0f bruchsicher \u2714\ufe0f kratzfest \u2714\ufe0f glasklar \u2714\ufe0f sp\u00fclmaschinenfest \u2714\ufe0f lange Lebensdauer \u2714\ufe0f recycelbar","og_url":"https:\/\/cupworld.at\/produkt\/cup-italo-tritan\/","og_site_name":"CupWorld","article_modified_time":"2023-06-19T11:25:27+00:00","og_image":[{"width":960,"height":960,"url":"https:\/\/cupworld.at\/wp-content\/uploads\/2021\/11\/CUP-Italo-Tritan.png","type":"image\/png"}],"twitter_card":"summary_large_image","twitter_misc":{"Est. reading time":"1 minute"},"schema":{"@context":"https:\/\/schema.org","@graph":[{"@type":"WebPage","@id":"https:\/\/cupworld.at\/produkt\/cup-italo-tritan\/","url":"https:\/\/cupworld.at\/produkt\/cup-italo-tritan\/","name":"Digestifglas Italo aus glasklarem, bruchfestem Tritan","isPartOf":{"@id":"https:\/\/cupworld.at\/#website"},"primaryImageOfPage":{"@id":"https:\/\/cupworld.at\/produkt\/cup-italo-tritan\/#primaryimage"},"image":{"@id":"https:\/\/cupworld.at\/produkt\/cup-italo-tritan\/#primaryimage"},"thumbnailUrl":"https:\/\/cupworld.at\/wp-content\/uploads\/2021\/11\/CUP-Italo-Tritan.png","datePublished":"2021-11-19T16:32:14+00:00","dateModified":"2023-06-19T11:25:27+00:00","description":"Digestifglas Italo aus Tritan \u2714\ufe0f bruchsicher \u2714\ufe0f kratzfest \u2714\ufe0f glasklar \u2714\ufe0f sp\u00fclmaschinenfest \u2714\ufe0f lange Lebensdauer \u2714\ufe0f recycelbar","breadcrumb":{"@id":"https:\/\/cupworld.at\/produkt\/cup-italo-tritan\/#breadcrumb"},"inLanguage":"en-US","potentialAction":[{"@type":"ReadAction","target":["https:\/\/cupworld.at\/produkt\/cup-italo-tritan\/"]}]},{"@type":"ImageObject","inLanguage":"en-US","@id":"https:\/\/cupworld.at\/produkt\/cup-italo-tritan\/#primaryimage","url":"https:\/\/cupworld.at\/wp-content\/uploads\/2021\/11\/CUP-Italo-Tritan.png","contentUrl":"https:\/\/cupworld.at\/wp-content\/uploads\/2021\/11\/CUP-Italo-Tritan.png","width":960,"height":960,"caption":"Mehrwegglas Italo f\u00fcr Digestifs aus bruchfestem Tritan"},{"@type":"BreadcrumbList","@id":"https:\/\/cupworld.at\/produkt\/cup-italo-tritan\/#breadcrumb","itemListElement":[{"@type":"ListItem","position":1,"name":"Startseite","item":"https:\/\/cupworld.at\/en\/"},{"@type":"ListItem","position":2,"name":"Mehrwegbecher kaufen","item":"https:\/\/cupworld.at\/mehrwegbecher-kaufen\/"},{"@type":"ListItem","position":3,"name":"CUP Italo"}]},{"@type":"WebSite","@id":"https:\/\/cupworld.at\/#website","url":"https:\/\/cupworld.at\/","name":"CupWorld","description":"","potentialAction":[{"@type":"SearchAction","target":{"@type":"EntryPoint","urlTemplate":"https:\/\/cupworld.at\/?s={search_term_string}"},"query-input":"required name=search_term_string"}],"inLanguage":"en-US"}]}},"tiered_pricing_type":"fixed","tiered_pricing_fixed_rules":{"870":"2.55"},"_links":{"self":[{"href":"https:\/\/cupworld.at\/en\/wp-json\/wp\/v2\/product\/2285"}],"collection":[{"href":"https:\/\/cupworld.at\/en\/wp-json\/wp\/v2\/product"}],"about":[{"href":"https:\/\/cupworld.at\/en\/wp-json\/wp\/v2\/types\/product"}],"wp:featuredmedia":[{"embeddable":true,"href":"https:\/\/cupworld.at\/en\/wp-json\/wp\/v2\/media\/2225"}],"wp:attachment":[{"href":"https:\/\/cupworld.at\/en\/wp-json\/wp\/v2\/media?parent=2285"}],"wp:term":[{"taxonomy":"product_cat","embeddable":true,"href":"https:\/\/cupworld.at\/en\/wp-json\/wp\/v2\/product_cat?post=2285"},{"taxonomy":"product_tag","embeddable":true,"href":"https:\/\/cupworld.at\/en\/wp-json\/wp\/v2\/product_tag?post=2285"}],"curies":[{"name":"wp","href":"https:\/\/api.w.org\/{rel}","templated":true}]}}